{"id":9699,"date":"2025-05-28T20:20:49","date_gmt":"2025-05-28T20:20:49","guid":{"rendered":"https:\/\/dualgree.com.br\/loja\/produto\/motor-de-agua-ar-condicionado-portatil-pinguino-n120br\/"},"modified":"2025-06-09T14:46:10","modified_gmt":"2025-06-09T14:46:10","slug":"motor-de-agua-ar-condicionado-portatil-pinguino-n120br","status":"publish","type":"product","link":"https:\/\/dualgree.com.br\/loja\/produto\/motor-de-agua-ar-condicionado-portatil-pinguino-n120br\/","title":{"rendered":"Motor De \u00c1gua Ar Condicionado Port\u00e1til Pinguino N120br"},"content":{"rendered":"<p><span style=\"font-family: arial, tahoma, verdana, helvetica;font-size: 14.72px\">IC217- Motor de agua para ar condicionado Delonghi pinguino<\/span><br style=\"font-family: arial, tahoma, verdana, helvetica;font-size: 14.72px\" \/><br style=\"font-family: arial, tahoma, verdana, helvetica;font-size: 14.72px\" \/><span style=\"font-family: arial, tahoma, verdana, helvetica;font-size: 14.72px\">Xfan<\/span><br style=\"font-family: arial, tahoma, verdana, helvetica;font-size: 14.72px\" \/><span style=\"font-family: arial, tahoma, verdana, helvetica;font-size: 14.72px\">brushless dc fan<\/span><br style=\"font-family: arial, tahoma, verdana, helvetica;font-size: 14.72px\" \/><span style=\"font-family: arial, tahoma, verdana, helvetica;font-size: 14.72px\">model :RSH6870s1<\/span><br style=\"font-family: arial, tahoma, verdana, helvetica;font-size: 14.72px\" \/><span style=\"font-family: arial, tahoma, verdana, helvetica;font-size: 14.72px\">DC12V 0.09A<\/span><br style=\"font-family: arial, tahoma, verdana, helvetica;font-size: 14.72px\" \/><span style=\"font-family: arial, tahoma, verdana, helvetica;font-size: 14.72px\">AN120<\/span><br style=\"font-family: arial, tahoma, verdana, helvetica;font-size: 14.72px\" \/><span style=\"font-family: arial, tahoma, verdana, helvetica;font-size: 14.72px\">AN120BR<\/span><br style=\"font-family: arial, tahoma, verdana, helvetica;font-size: 14.72px\" \/><span style=\"font-family: arial, tahoma, verdana, helvetica;font-size: 14.72px\">N130<\/span><br style=\"font-family: arial, tahoma, verdana, helvetica;font-size: 14.72px\" \/><span style=\"font-family: arial, tahoma, verdana, helvetica;font-size: 14.72px\">AN130RF<\/span><br style=\"font-family: arial, tahoma, verdana, helvetica;font-size: 14.72px\" \/><span style=\"font-family: arial, tahoma, verdana, helvetica;font-size: 14.72px\">AN130BR<\/span><br style=\"font-family: arial, tahoma, verdana, helvetica;font-size: 14.72px\" \/><span style=\"font-family: arial, tahoma, verdana, helvetica;font-size: 14.72px\">AN145RF<\/span><\/p>\n<p>\u00a0<\/p>\n<p>Motor de condensa\u00e7\u00e3o de \u00e1gua para ar condicionado port\u00e1til Delonghi pinguino N120br<br \/>Motor de condensa\u00e7\u00e3o de \u00e1gua para ar condicionado port\u00e1til Delonghi pinguino AN120<br \/>Motor de condensa\u00e7\u00e3o de \u00e1gua para ar condicionado port\u00e1til Delonghi pinguino N130rf<br \/>Motor de condensa\u00e7\u00e3o de \u00e1gua para ar condicionado port\u00e1til Delonghi pinguino N145rf<\/p>\n","protected":false},"excerpt":{"rendered":"<p>IC217- Motor de agua para ar condicionado Delonghi pinguinoXfanbrushless dc fanmodel :RSH6870s1DC12V 0.09AAN120AN120BRN130AN130RFAN130BRAN145RF \u00a0 Motor de condensa\u00e7\u00e3o de \u00e1gua para ar condicionado port\u00e1til Delonghi pinguino N120brMotor de condensa\u00e7\u00e3o de \u00e1gua para ar condicionado port\u00e1til Delonghi pinguino AN120Motor de condensa\u00e7\u00e3o de \u00e1gua para ar condicionado port\u00e1til Delonghi pinguino N130rfMotor de condensa\u00e7\u00e3o de \u00e1gua para ar condicionado&#8230;<\/p>\n","protected":false},"featured_media":9697,"comment_status":"open","ping_status":"closed","template":"","meta":{"_kadence_starter_templates_imported_post":false,"_kad_post_transparent":"","_kad_post_title":"","_kad_post_layout":"","_kad_post_sidebar_id":"","_kad_post_content_style":"","_kad_post_vertical_padding":"","_kad_post_feature":"","_kad_post_feature_position":"","_kad_post_header":false,"_kad_post_footer":false,"jetpack_publicize_message":"","jetpack_publicize_feature_enabled":true,"jetpack_social_post_already_shared":false,"jetpack_social_options":{"image_generator_settings":{"template":"highway","default_image_id":0,"font":"","enabled":false},"version":2}},"product_brand":[],"product_cat":[225,280],"product_tag":[],"class_list":{"0":"post-9699","1":"product","2":"type-product","3":"status-publish","4":"has-post-thumbnail","6":"product_cat-delonghi","7":"product_cat-motor-de-agua-ar-portatil","9":"first","10":"outofstock","11":"shipping-taxable","12":"purchasable","13":"product-type-simple","14":"entry","15":"content-bg","16":"loop-entry"},"yoast_head":"<!-- This site is optimized with the Yoast SEO plugin v27.5 - https:\/\/yoast.com\/product\/yoast-seo-wordpress\/ -->\n<title>Motor De \u00c1gua Ar Condicionado Port\u00e1til Pinguino N120br - Loja - Dual Gree Servi\u00e7os | Pe\u00e7as<\/title>\n<meta name=\"robots\" content=\"index, follow, max-snippet:-1, max-image-preview:large, max-video-preview:-1\" \/>\n<link rel=\"canonical\" href=\"https:\/\/dualgree.com.br\/loja\/produto\/motor-de-agua-ar-condicionado-portatil-pinguino-n120br\/\" \/>\n<meta property=\"og:locale\" content=\"pt_BR\" \/>\n<meta property=\"og:type\" content=\"article\" \/>\n<meta property=\"og:title\" content=\"Motor De \u00c1gua Ar Condicionado Port\u00e1til Pinguino N120br - Loja - Dual Gree Servi\u00e7os | Pe\u00e7as\" \/>\n<meta property=\"og:description\" content=\"IC217- Motor de agua para ar condicionado Delonghi pinguinoXfanbrushless dc fanmodel :RSH6870s1DC12V 0.09AAN120AN120BRN130AN130RFAN130BRAN145RF \u00a0 Motor de condensa\u00e7\u00e3o de \u00e1gua para ar condicionado port\u00e1til Delonghi pinguino N120brMotor de condensa\u00e7\u00e3o de \u00e1gua para ar condicionado port\u00e1til Delonghi pinguino AN120Motor de condensa\u00e7\u00e3o de \u00e1gua para ar condicionado port\u00e1til Delonghi pinguino N130rfMotor de condensa\u00e7\u00e3o de \u00e1gua para ar condicionado...\" \/>\n<meta property=\"og:url\" content=\"https:\/\/dualgree.com.br\/loja\/produto\/motor-de-agua-ar-condicionado-portatil-pinguino-n120br\/\" \/>\n<meta property=\"og:site_name\" content=\"Loja - Dual Gree Servi\u00e7os | Pe\u00e7as\" \/>\n<meta property=\"article:modified_time\" content=\"2025-06-09T14:46:10+00:00\" \/>\n<meta name=\"twitter:card\" content=\"summary_large_image\" \/>\n<script type=\"application\/ld+json\" class=\"yoast-schema-graph\">{\"@context\":\"https:\\\/\\\/schema.org\",\"@graph\":[{\"@type\":\"WebPage\",\"@id\":\"https:\\\/\\\/dualgree.com.br\\\/loja\\\/produto\\\/motor-de-agua-ar-condicionado-portatil-pinguino-n120br\\\/\",\"url\":\"https:\\\/\\\/dualgree.com.br\\\/loja\\\/produto\\\/motor-de-agua-ar-condicionado-portatil-pinguino-n120br\\\/\",\"name\":\"Motor De \u00c1gua Ar Condicionado Port\u00e1til Pinguino N120br - Loja - Dual Gree Servi\u00e7os | Pe\u00e7as\",\"isPartOf\":{\"@id\":\"https:\\\/\\\/dualgree.com.br\\\/loja\\\/#website\"},\"primaryImageOfPage\":{\"@id\":\"https:\\\/\\\/dualgree.com.br\\\/loja\\\/produto\\\/motor-de-agua-ar-condicionado-portatil-pinguino-n120br\\\/#primaryimage\"},\"image\":{\"@id\":\"https:\\\/\\\/dualgree.com.br\\\/loja\\\/produto\\\/motor-de-agua-ar-condicionado-portatil-pinguino-n120br\\\/#primaryimage\"},\"thumbnailUrl\":\"https:\\\/\\\/dualgree.com.br\\\/loja\\\/wp-content\\\/uploads\\\/2025\\\/05\\\/15351225867-ic217-motor-de-agua-para-ar-condicionado-delonghi-pinguino.webp\",\"datePublished\":\"2025-05-28T20:20:49+00:00\",\"dateModified\":\"2025-06-09T14:46:10+00:00\",\"breadcrumb\":{\"@id\":\"https:\\\/\\\/dualgree.com.br\\\/loja\\\/produto\\\/motor-de-agua-ar-condicionado-portatil-pinguino-n120br\\\/#breadcrumb\"},\"inLanguage\":\"pt-BR\",\"potentialAction\":[{\"@type\":\"ReadAction\",\"target\":[\"https:\\\/\\\/dualgree.com.br\\\/loja\\\/produto\\\/motor-de-agua-ar-condicionado-portatil-pinguino-n120br\\\/\"]}]},{\"@type\":\"ImageObject\",\"inLanguage\":\"pt-BR\",\"@id\":\"https:\\\/\\\/dualgree.com.br\\\/loja\\\/produto\\\/motor-de-agua-ar-condicionado-portatil-pinguino-n120br\\\/#primaryimage\",\"url\":\"https:\\\/\\\/dualgree.com.br\\\/loja\\\/wp-content\\\/uploads\\\/2025\\\/05\\\/15351225867-ic217-motor-de-agua-para-ar-condicionado-delonghi-pinguino.webp\",\"contentUrl\":\"https:\\\/\\\/dualgree.com.br\\\/loja\\\/wp-content\\\/uploads\\\/2025\\\/05\\\/15351225867-ic217-motor-de-agua-para-ar-condicionado-delonghi-pinguino.webp\",\"width\":1280,\"height\":1280},{\"@type\":\"BreadcrumbList\",\"@id\":\"https:\\\/\\\/dualgree.com.br\\\/loja\\\/produto\\\/motor-de-agua-ar-condicionado-portatil-pinguino-n120br\\\/#breadcrumb\",\"itemListElement\":[{\"@type\":\"ListItem\",\"position\":1,\"name\":\"In\u00edcio\",\"item\":\"https:\\\/\\\/dualgree.com.br\\\/loja\\\/\"},{\"@type\":\"ListItem\",\"position\":2,\"name\":\"Loja &#8211; Cat\u00e1logo de Pe\u00e7as\",\"item\":\"https:\\\/\\\/dualgree.com.br\\\/loja\\\/\"},{\"@type\":\"ListItem\",\"position\":3,\"name\":\"Motor De \u00c1gua Ar Condicionado Port\u00e1til Pinguino N120br\"}]},{\"@type\":\"WebSite\",\"@id\":\"https:\\\/\\\/dualgree.com.br\\\/loja\\\/#website\",\"url\":\"https:\\\/\\\/dualgree.com.br\\\/loja\\\/\",\"name\":\"Loja - Dual Gree Servi\u00e7os | Partes e Pe\u00e7as\",\"description\":\"Catalogo de Pe\u00e7as para ar condicionado\",\"publisher\":{\"@id\":\"https:\\\/\\\/dualgree.com.br\\\/loja\\\/#organization\"},\"potentialAction\":[{\"@type\":\"SearchAction\",\"target\":{\"@type\":\"EntryPoint\",\"urlTemplate\":\"https:\\\/\\\/dualgree.com.br\\\/loja\\\/?s={search_term_string}\"},\"query-input\":{\"@type\":\"PropertyValueSpecification\",\"valueRequired\":true,\"valueName\":\"search_term_string\"}}],\"inLanguage\":\"pt-BR\"},{\"@type\":\"Organization\",\"@id\":\"https:\\\/\\\/dualgree.com.br\\\/loja\\\/#organization\",\"name\":\"Loja Dual Gree Servi\u00e7o\",\"url\":\"https:\\\/\\\/dualgree.com.br\\\/loja\\\/\",\"logo\":{\"@type\":\"ImageObject\",\"inLanguage\":\"pt-BR\",\"@id\":\"https:\\\/\\\/dualgree.com.br\\\/loja\\\/#\\\/schema\\\/logo\\\/image\\\/\",\"url\":\"https:\\\/\\\/dualgree.com.br\\\/loja\\\/wp-content\\\/uploads\\\/2024\\\/09\\\/teste-logo-ecommerce-dual-1-e1725909304971.png\",\"contentUrl\":\"https:\\\/\\\/dualgree.com.br\\\/loja\\\/wp-content\\\/uploads\\\/2024\\\/09\\\/teste-logo-ecommerce-dual-1-e1725909304971.png\",\"width\":470,\"height\":157,\"caption\":\"Loja Dual Gree Servi\u00e7o\"},\"image\":{\"@id\":\"https:\\\/\\\/dualgree.com.br\\\/loja\\\/#\\\/schema\\\/logo\\\/image\\\/\"}}]}<\/script>\n<!-- \/ Yoast SEO plugin. -->","yoast_head_json":{"title":"Motor De \u00c1gua Ar Condicionado Port\u00e1til Pinguino N120br - Loja - Dual Gree Servi\u00e7os | Pe\u00e7as","robots":{"index":"index","follow":"follow","max-snippet":"max-snippet:-1","max-image-preview":"max-image-preview:large","max-video-preview":"max-video-preview:-1"},"canonical":"https:\/\/dualgree.com.br\/loja\/produto\/motor-de-agua-ar-condicionado-portatil-pinguino-n120br\/","og_locale":"pt_BR","og_type":"article","og_title":"Motor De \u00c1gua Ar Condicionado Port\u00e1til Pinguino N120br - Loja - Dual Gree Servi\u00e7os | Pe\u00e7as","og_description":"IC217- Motor de agua para ar condicionado Delonghi pinguinoXfanbrushless dc fanmodel :RSH6870s1DC12V 0.09AAN120AN120BRN130AN130RFAN130BRAN145RF \u00a0 Motor de condensa\u00e7\u00e3o de \u00e1gua para ar condicionado port\u00e1til Delonghi pinguino N120brMotor de condensa\u00e7\u00e3o de \u00e1gua para ar condicionado port\u00e1til Delonghi pinguino AN120Motor de condensa\u00e7\u00e3o de \u00e1gua para ar condicionado port\u00e1til Delonghi pinguino N130rfMotor de condensa\u00e7\u00e3o de \u00e1gua para ar condicionado...","og_url":"https:\/\/dualgree.com.br\/loja\/produto\/motor-de-agua-ar-condicionado-portatil-pinguino-n120br\/","og_site_name":"Loja - Dual Gree Servi\u00e7os | Pe\u00e7as","article_modified_time":"2025-06-09T14:46:10+00:00","twitter_card":"summary_large_image","schema":{"@context":"https:\/\/schema.org","@graph":[{"@type":"WebPage","@id":"https:\/\/dualgree.com.br\/loja\/produto\/motor-de-agua-ar-condicionado-portatil-pinguino-n120br\/","url":"https:\/\/dualgree.com.br\/loja\/produto\/motor-de-agua-ar-condicionado-portatil-pinguino-n120br\/","name":"Motor De \u00c1gua Ar Condicionado Port\u00e1til Pinguino N120br - Loja - Dual Gree Servi\u00e7os | Pe\u00e7as","isPartOf":{"@id":"https:\/\/dualgree.com.br\/loja\/#website"},"primaryImageOfPage":{"@id":"https:\/\/dualgree.com.br\/loja\/produto\/motor-de-agua-ar-condicionado-portatil-pinguino-n120br\/#primaryimage"},"image":{"@id":"https:\/\/dualgree.com.br\/loja\/produto\/motor-de-agua-ar-condicionado-portatil-pinguino-n120br\/#primaryimage"},"thumbnailUrl":"https:\/\/dualgree.com.br\/loja\/wp-content\/uploads\/2025\/05\/15351225867-ic217-motor-de-agua-para-ar-condicionado-delonghi-pinguino.webp","datePublished":"2025-05-28T20:20:49+00:00","dateModified":"2025-06-09T14:46:10+00:00","breadcrumb":{"@id":"https:\/\/dualgree.com.br\/loja\/produto\/motor-de-agua-ar-condicionado-portatil-pinguino-n120br\/#breadcrumb"},"inLanguage":"pt-BR","potentialAction":[{"@type":"ReadAction","target":["https:\/\/dualgree.com.br\/loja\/produto\/motor-de-agua-ar-condicionado-portatil-pinguino-n120br\/"]}]},{"@type":"ImageObject","inLanguage":"pt-BR","@id":"https:\/\/dualgree.com.br\/loja\/produto\/motor-de-agua-ar-condicionado-portatil-pinguino-n120br\/#primaryimage","url":"https:\/\/dualgree.com.br\/loja\/wp-content\/uploads\/2025\/05\/15351225867-ic217-motor-de-agua-para-ar-condicionado-delonghi-pinguino.webp","contentUrl":"https:\/\/dualgree.com.br\/loja\/wp-content\/uploads\/2025\/05\/15351225867-ic217-motor-de-agua-para-ar-condicionado-delonghi-pinguino.webp","width":1280,"height":1280},{"@type":"BreadcrumbList","@id":"https:\/\/dualgree.com.br\/loja\/produto\/motor-de-agua-ar-condicionado-portatil-pinguino-n120br\/#breadcrumb","itemListElement":[{"@type":"ListItem","position":1,"name":"In\u00edcio","item":"https:\/\/dualgree.com.br\/loja\/"},{"@type":"ListItem","position":2,"name":"Loja &#8211; Cat\u00e1logo de Pe\u00e7as","item":"https:\/\/dualgree.com.br\/loja\/"},{"@type":"ListItem","position":3,"name":"Motor De \u00c1gua Ar Condicionado Port\u00e1til Pinguino N120br"}]},{"@type":"WebSite","@id":"https:\/\/dualgree.com.br\/loja\/#website","url":"https:\/\/dualgree.com.br\/loja\/","name":"Loja - Dual Gree Servi\u00e7os | Partes e Pe\u00e7as","description":"Catalogo de Pe\u00e7as para ar condicionado","publisher":{"@id":"https:\/\/dualgree.com.br\/loja\/#organization"},"potentialAction":[{"@type":"SearchAction","target":{"@type":"EntryPoint","urlTemplate":"https:\/\/dualgree.com.br\/loja\/?s={search_term_string}"},"query-input":{"@type":"PropertyValueSpecification","valueRequired":true,"valueName":"search_term_string"}}],"inLanguage":"pt-BR"},{"@type":"Organization","@id":"https:\/\/dualgree.com.br\/loja\/#organization","name":"Loja Dual Gree Servi\u00e7o","url":"https:\/\/dualgree.com.br\/loja\/","logo":{"@type":"ImageObject","inLanguage":"pt-BR","@id":"https:\/\/dualgree.com.br\/loja\/#\/schema\/logo\/image\/","url":"https:\/\/dualgree.com.br\/loja\/wp-content\/uploads\/2024\/09\/teste-logo-ecommerce-dual-1-e1725909304971.png","contentUrl":"https:\/\/dualgree.com.br\/loja\/wp-content\/uploads\/2024\/09\/teste-logo-ecommerce-dual-1-e1725909304971.png","width":470,"height":157,"caption":"Loja Dual Gree Servi\u00e7o"},"image":{"@id":"https:\/\/dualgree.com.br\/loja\/#\/schema\/logo\/image\/"}}]}},"jetpack_publicize_connections":[],"jetpack_sharing_enabled":true,"jetpack_likes_enabled":true,"_links":{"self":[{"href":"https:\/\/dualgree.com.br\/loja\/wp-json\/wp\/v2\/product\/9699","targetHints":{"allow":["GET"]}}],"collection":[{"href":"https:\/\/dualgree.com.br\/loja\/wp-json\/wp\/v2\/product"}],"about":[{"href":"https:\/\/dualgree.com.br\/loja\/wp-json\/wp\/v2\/types\/product"}],"replies":[{"embeddable":true,"href":"https:\/\/dualgree.com.br\/loja\/wp-json\/wp\/v2\/comments?post=9699"}],"wp:featuredmedia":[{"embeddable":true,"href":"https:\/\/dualgree.com.br\/loja\/wp-json\/wp\/v2\/media\/9697"}],"wp:attachment":[{"href":"https:\/\/dualgree.com.br\/loja\/wp-json\/wp\/v2\/media?parent=9699"}],"wp:term":[{"taxonomy":"product_brand","embeddable":true,"href":"https:\/\/dualgree.com.br\/loja\/wp-json\/wp\/v2\/product_brand?post=9699"},{"taxonomy":"product_cat","embeddable":true,"href":"https:\/\/dualgree.com.br\/loja\/wp-json\/wp\/v2\/product_cat?post=9699"},{"taxonomy":"product_tag","embeddable":true,"href":"https:\/\/dualgree.com.br\/loja\/wp-json\/wp\/v2\/product_tag?post=9699"}],"curies":[{"name":"wp","href":"https:\/\/api.w.org\/{rel}","templated":true}]}}