{"id":9739,"date":"2025-06-02T16:56:55","date_gmt":"2025-06-02T16:56:55","guid":{"rendered":"https:\/\/dualgree.com.br\/loja\/produto\/placa-da-evaporadora-ar-condicionado-samsung-inverter-ar09hvspbsnnaz\/"},"modified":"2026-01-30T13:52:56","modified_gmt":"2026-01-30T13:52:56","slug":"placa-da-evaporadora-ar-condicionado-samsung-inverter-ar09hvspbsnnaz","status":"publish","type":"product","link":"https:\/\/dualgree.com.br\/loja\/produto\/placa-da-evaporadora-ar-condicionado-samsung-inverter-ar09hvspbsnnaz\/","title":{"rendered":"Placa Da Evaporadora Ar Condicionado  Samsung Inverter AR09H..."},"content":{"rendered":"<p><span>IC1013-Placa Da Evaporadora Ar Condicionado Compativel Com Samsung Inverter. AR09HVSPBSNNAZ.<\/span><\/p>\n<p>\u00a0<\/p>\n<p><span> Etiquetas compativel: DB9312825P \/ DB9312825H \/ DB9310859L .<\/span><\/p>\n<p>\u00a0<\/p>\n<p><span>Est\u00e1 placa n\u00e3o funciona em sistema R22! .<\/span><\/p>\n<p>\u00a0<\/p>\n<p><span>Configure a placa com o controle remoto para seu modelo!. <\/span><\/p>\n<p><span>Modelos compativel:. <\/span><\/p>\n<p><span>ASV09PSBUNNAZ .<\/span><\/p>\n<p><span>ASV09PSBUX. <\/span><\/p>\n<p><span>ASV09PSBUXAZ. <\/span><\/p>\n<p><span>ASV09PSBUN .<\/span><\/p>\n<p><span>ASV09PSBUNAZ. <\/span><\/p>\n<p><span>AR09HSSPBSN .<\/span><\/p>\n<p><span>AR09HSSPBSN\/AZ.<\/span><\/p>\n<p><span> AR09HSSPBSN\/NAZ .<\/span><\/p>\n<p><span>AR09HSSPBSN\/XAZ .<\/span><\/p>\n<p><span>AR09HVSPASN .<\/span><\/p>\n<p><span>AR09HVSPASN\/AZ .<\/span><\/p>\n<p><span>AR09HVSPASN\/NAZ .<\/span><\/p>\n<p><span>AR09HVSPASN\/XAZ .<\/span><\/p>\n<p><span>AR09HVSPBSN .<\/span><\/p>\n<p><span>AR09HVSPBSN\/AZ .<\/span><\/p>\n<p><span>AR09HVSPBSN\/XAZ .<\/span><\/p>\n<p><span>AR09HVSPBSN\/NAZ .<\/span><\/p>\n<p><span>AR09KSSPBGM .<\/span><\/p>\n<p><span>AR09KSSPBGMXAZ .<\/span><\/p>\n<p><span>AR09KSSPBGMNAZ.<\/span><\/p>\n<p><span> AR09KVSPBSNNAZ .<\/span><\/p>\n<p><span>ASV09PSBU .<\/span><\/p>\n<p><span>ASV09PSBUNAZ.<\/span><\/p>\n<p><span> ASV09PSBUXAZ .<\/span><\/p>\n<p><span>AR09HSSPBSN .<\/span><\/p>\n<p><span>AR09HSSPBSX .<\/span><\/p>\n<p><span>AR09HSSPBSNAZ .<\/span><\/p>\n<p><span>AR09HSSPBSXAZ .<\/span><\/p>\n<p><span>AR09HVSPASN .<\/span><\/p>\n<p><span>AR09HVSPASNAZ .<\/span><\/p>\n<p><span>AR09HVSPASX .<\/span><\/p>\n<p><span>AR09HVSPASXAZ.<\/span><\/p>\n<p><span> AR09HVSPBSN .<\/span><\/p>\n<p><span>AR09HVSPBSNAZ.<\/span><\/p>\n<p><span> AR09HVSPBSXAZ .<\/span><\/p>\n<p><span>AR09HVSPBSX .<\/span><\/p>\n<p><span>AR09KSSPBGM .<\/span><\/p>\n<p><span>AR09KSSPBGMN .<\/span><\/p>\n<p><span>AR09KSSPBGMNAZ .<\/span><\/p>\n<p><span>AR09KSSPBGMX .<\/span><\/p>\n<p><span>AR09KSSPBGMXAZ. <\/span><\/p>\n<p><span>AR09KVSPBSN .<\/span><\/p>\n<p><span>AR09KVSPBSNAZ.<\/span><\/p>\n<p><span>AR09KVSPBSXAZ.<\/span><\/p>\n<p><span> AR09KVSPBSX .<\/span><\/p>\n<p><span>AR09KVSPBS. <\/span><\/p>\n<p><span>AR12HVSPBS .<\/span><\/p>\n<p><span>AR12HVSPBSN .<\/span><\/p>\n<p><span>AR12HVSPBSNAZ .<\/span><\/p>\n<p><span>AR12HVSPBSX.<\/span><\/p>\n<p><span> AR12HVSPBSXAZ.<\/span><\/p>\n<p><span> AR12HVSPBSN .<\/span><\/p>\n<p><span>AR12HVSPBSN\/XAZ.<\/span><\/p>\n<p><span> AR12HVSPBSN\/NAZ .<\/span><\/p>\n<p><span>AR12HVSPBSN\/AZ.<\/span><\/p>\n","protected":false},"excerpt":{"rendered":"<p>IC1013-Placa Da Evaporadora Ar Condicionado Compativel Com Samsung Inverter. AR09HVSPBSNNAZ. \u00a0 Etiquetas compativel: DB9312825P \/ DB9312825H \/ DB9310859L . \u00a0 Est\u00e1 placa n\u00e3o funciona em sistema R22! . \u00a0 Configure a placa com o controle remoto para seu modelo!. Modelos compativel:. ASV09PSBUNNAZ . ASV09PSBUX. ASV09PSBUXAZ. ASV09PSBUN . ASV09PSBUNAZ. AR09HSSPBSN . AR09HSSPBSN\/AZ. AR09HSSPBSN\/NAZ . AR09HSSPBSN\/XAZ &#8230;.<\/p>\n","protected":false},"featured_media":9735,"comment_status":"open","ping_status":"closed","template":"","meta":{"_kadence_starter_templates_imported_post":false,"_kad_post_transparent":"","_kad_post_title":"","_kad_post_layout":"","_kad_post_sidebar_id":"","_kad_post_content_style":"","_kad_post_vertical_padding":"","_kad_post_feature":"","_kad_post_feature_position":"","_kad_post_header":false,"_kad_post_footer":false,"jetpack_publicize_message":"","jetpack_publicize_feature_enabled":true,"jetpack_social_post_already_shared":false,"jetpack_social_options":{"image_generator_settings":{"template":"highway","default_image_id":0,"font":"","enabled":false},"version":2}},"product_brand":[],"product_cat":[196,186],"product_tag":[],"class_list":{"0":"post-9739","1":"product","2":"type-product","3":"status-publish","4":"has-post-thumbnail","6":"product_cat-placa-da-evaporadora-split","7":"product_cat-samsung","9":"first","10":"outofstock","11":"shipping-taxable","12":"purchasable","13":"product-type-simple","14":"entry","15":"content-bg","16":"loop-entry"},"yoast_head":"<!-- This site is optimized with the Yoast SEO plugin v27.5 - https:\/\/yoast.com\/product\/yoast-seo-wordpress\/ -->\n<title>Placa Da Evaporadora Ar Condicionado Samsung Inverter AR09HVSPBSNNAZ - Loja - Dual Gree Servi\u00e7os | Pe\u00e7as<\/title>\n<meta name=\"robots\" content=\"index, follow, max-snippet:-1, max-image-preview:large, max-video-preview:-1\" \/>\n<link rel=\"canonical\" href=\"https:\/\/dualgree.com.br\/loja\/produto\/placa-da-evaporadora-ar-condicionado-samsung-inverter-ar09hvspbsnnaz\/\" \/>\n<meta property=\"og:locale\" content=\"pt_BR\" \/>\n<meta property=\"og:type\" content=\"article\" \/>\n<meta property=\"og:title\" content=\"Placa Da Evaporadora Ar Condicionado Samsung Inverter AR09HVSPBSNNAZ - Loja - Dual Gree Servi\u00e7os | Pe\u00e7as\" \/>\n<meta property=\"og:description\" content=\"IC1013-Placa Da Evaporadora Ar Condicionado Compativel Com Samsung Inverter. AR09HVSPBSNNAZ. \u00a0 Etiquetas compativel: DB9312825P \/ DB9312825H \/ DB9310859L . \u00a0 Est\u00e1 placa n\u00e3o funciona em sistema R22! . \u00a0 Configure a placa com o controle remoto para seu modelo!. Modelos compativel:. ASV09PSBUNNAZ . ASV09PSBUX. ASV09PSBUXAZ. ASV09PSBUN . ASV09PSBUNAZ. AR09HSSPBSN . AR09HSSPBSN\/AZ. AR09HSSPBSN\/NAZ . AR09HSSPBSN\/XAZ ....\" \/>\n<meta property=\"og:url\" content=\"https:\/\/dualgree.com.br\/loja\/produto\/placa-da-evaporadora-ar-condicionado-samsung-inverter-ar09hvspbsnnaz\/\" \/>\n<meta property=\"og:site_name\" content=\"Loja - Dual Gree Servi\u00e7os | Pe\u00e7as\" \/>\n<meta property=\"article:modified_time\" content=\"2026-01-30T13:52:56+00:00\" \/>\n<meta name=\"twitter:card\" content=\"summary_large_image\" \/>\n<meta name=\"twitter:label1\" content=\"Est. tempo de leitura\" \/>\n\t<meta name=\"twitter:data1\" content=\"1 minuto\" \/>\n<script type=\"application\/ld+json\" class=\"yoast-schema-graph\">{\"@context\":\"https:\\\/\\\/schema.org\",\"@graph\":[{\"@type\":\"WebPage\",\"@id\":\"https:\\\/\\\/dualgree.com.br\\\/loja\\\/produto\\\/placa-da-evaporadora-ar-condicionado-samsung-inverter-ar09hvspbsnnaz\\\/\",\"url\":\"https:\\\/\\\/dualgree.com.br\\\/loja\\\/produto\\\/placa-da-evaporadora-ar-condicionado-samsung-inverter-ar09hvspbsnnaz\\\/\",\"name\":\"Placa Da Evaporadora Ar Condicionado Samsung Inverter AR09HVSPBSNNAZ - Loja - Dual Gree Servi\u00e7os | Pe\u00e7as\",\"isPartOf\":{\"@id\":\"https:\\\/\\\/dualgree.com.br\\\/loja\\\/#website\"},\"primaryImageOfPage\":{\"@id\":\"https:\\\/\\\/dualgree.com.br\\\/loja\\\/produto\\\/placa-da-evaporadora-ar-condicionado-samsung-inverter-ar09hvspbsnnaz\\\/#primaryimage\"},\"image\":{\"@id\":\"https:\\\/\\\/dualgree.com.br\\\/loja\\\/produto\\\/placa-da-evaporadora-ar-condicionado-samsung-inverter-ar09hvspbsnnaz\\\/#primaryimage\"},\"thumbnailUrl\":\"https:\\\/\\\/dualgree.com.br\\\/loja\\\/wp-content\\\/uploads\\\/2025\\\/06\\\/15301312215-ic1013-placa-samsung-inverter-evaporadora-db9312825p-db9312825h-db9310859l.webp\",\"datePublished\":\"2025-06-02T16:56:55+00:00\",\"dateModified\":\"2026-01-30T13:52:56+00:00\",\"breadcrumb\":{\"@id\":\"https:\\\/\\\/dualgree.com.br\\\/loja\\\/produto\\\/placa-da-evaporadora-ar-condicionado-samsung-inverter-ar09hvspbsnnaz\\\/#breadcrumb\"},\"inLanguage\":\"pt-BR\",\"potentialAction\":[{\"@type\":\"ReadAction\",\"target\":[\"https:\\\/\\\/dualgree.com.br\\\/loja\\\/produto\\\/placa-da-evaporadora-ar-condicionado-samsung-inverter-ar09hvspbsnnaz\\\/\"]}]},{\"@type\":\"ImageObject\",\"inLanguage\":\"pt-BR\",\"@id\":\"https:\\\/\\\/dualgree.com.br\\\/loja\\\/produto\\\/placa-da-evaporadora-ar-condicionado-samsung-inverter-ar09hvspbsnnaz\\\/#primaryimage\",\"url\":\"https:\\\/\\\/dualgree.com.br\\\/loja\\\/wp-content\\\/uploads\\\/2025\\\/06\\\/15301312215-ic1013-placa-samsung-inverter-evaporadora-db9312825p-db9312825h-db9310859l.webp\",\"contentUrl\":\"https:\\\/\\\/dualgree.com.br\\\/loja\\\/wp-content\\\/uploads\\\/2025\\\/06\\\/15301312215-ic1013-placa-samsung-inverter-evaporadora-db9312825p-db9312825h-db9310859l.webp\",\"width\":1280,\"height\":1280},{\"@type\":\"BreadcrumbList\",\"@id\":\"https:\\\/\\\/dualgree.com.br\\\/loja\\\/produto\\\/placa-da-evaporadora-ar-condicionado-samsung-inverter-ar09hvspbsnnaz\\\/#breadcrumb\",\"itemListElement\":[{\"@type\":\"ListItem\",\"position\":1,\"name\":\"In\u00edcio\",\"item\":\"https:\\\/\\\/dualgree.com.br\\\/loja\\\/\"},{\"@type\":\"ListItem\",\"position\":2,\"name\":\"Loja &#8211; Cat\u00e1logo de Pe\u00e7as\",\"item\":\"https:\\\/\\\/dualgree.com.br\\\/loja\\\/\"},{\"@type\":\"ListItem\",\"position\":3,\"name\":\"Placa Da Evaporadora Ar Condicionado Samsung Inverter AR09H...\"}]},{\"@type\":\"WebSite\",\"@id\":\"https:\\\/\\\/dualgree.com.br\\\/loja\\\/#website\",\"url\":\"https:\\\/\\\/dualgree.com.br\\\/loja\\\/\",\"name\":\"Loja - Dual Gree Servi\u00e7os | Partes e Pe\u00e7as\",\"description\":\"Catalogo de Pe\u00e7as para ar condicionado\",\"publisher\":{\"@id\":\"https:\\\/\\\/dualgree.com.br\\\/loja\\\/#organization\"},\"potentialAction\":[{\"@type\":\"SearchAction\",\"target\":{\"@type\":\"EntryPoint\",\"urlTemplate\":\"https:\\\/\\\/dualgree.com.br\\\/loja\\\/?s={search_term_string}\"},\"query-input\":{\"@type\":\"PropertyValueSpecification\",\"valueRequired\":true,\"valueName\":\"search_term_string\"}}],\"inLanguage\":\"pt-BR\"},{\"@type\":\"Organization\",\"@id\":\"https:\\\/\\\/dualgree.com.br\\\/loja\\\/#organization\",\"name\":\"Loja Dual Gree Servi\u00e7o\",\"url\":\"https:\\\/\\\/dualgree.com.br\\\/loja\\\/\",\"logo\":{\"@type\":\"ImageObject\",\"inLanguage\":\"pt-BR\",\"@id\":\"https:\\\/\\\/dualgree.com.br\\\/loja\\\/#\\\/schema\\\/logo\\\/image\\\/\",\"url\":\"https:\\\/\\\/dualgree.com.br\\\/loja\\\/wp-content\\\/uploads\\\/2024\\\/09\\\/teste-logo-ecommerce-dual-1-e1725909304971.png\",\"contentUrl\":\"https:\\\/\\\/dualgree.com.br\\\/loja\\\/wp-content\\\/uploads\\\/2024\\\/09\\\/teste-logo-ecommerce-dual-1-e1725909304971.png\",\"width\":470,\"height\":157,\"caption\":\"Loja Dual Gree Servi\u00e7o\"},\"image\":{\"@id\":\"https:\\\/\\\/dualgree.com.br\\\/loja\\\/#\\\/schema\\\/logo\\\/image\\\/\"}}]}<\/script>\n<!-- \/ Yoast SEO plugin. -->","yoast_head_json":{"title":"Placa Da Evaporadora Ar Condicionado Samsung Inverter AR09HVSPBSNNAZ - Loja - Dual Gree Servi\u00e7os | Pe\u00e7as","robots":{"index":"index","follow":"follow","max-snippet":"max-snippet:-1","max-image-preview":"max-image-preview:large","max-video-preview":"max-video-preview:-1"},"canonical":"https:\/\/dualgree.com.br\/loja\/produto\/placa-da-evaporadora-ar-condicionado-samsung-inverter-ar09hvspbsnnaz\/","og_locale":"pt_BR","og_type":"article","og_title":"Placa Da Evaporadora Ar Condicionado Samsung Inverter AR09HVSPBSNNAZ - Loja - Dual Gree Servi\u00e7os | Pe\u00e7as","og_description":"IC1013-Placa Da Evaporadora Ar Condicionado Compativel Com Samsung Inverter. AR09HVSPBSNNAZ. \u00a0 Etiquetas compativel: DB9312825P \/ DB9312825H \/ DB9310859L . \u00a0 Est\u00e1 placa n\u00e3o funciona em sistema R22! . \u00a0 Configure a placa com o controle remoto para seu modelo!. Modelos compativel:. ASV09PSBUNNAZ . ASV09PSBUX. ASV09PSBUXAZ. ASV09PSBUN . ASV09PSBUNAZ. AR09HSSPBSN . AR09HSSPBSN\/AZ. AR09HSSPBSN\/NAZ . AR09HSSPBSN\/XAZ ....","og_url":"https:\/\/dualgree.com.br\/loja\/produto\/placa-da-evaporadora-ar-condicionado-samsung-inverter-ar09hvspbsnnaz\/","og_site_name":"Loja - Dual Gree Servi\u00e7os | Pe\u00e7as","article_modified_time":"2026-01-30T13:52:56+00:00","twitter_card":"summary_large_image","twitter_misc":{"Est. tempo de leitura":"1 minuto"},"schema":{"@context":"https:\/\/schema.org","@graph":[{"@type":"WebPage","@id":"https:\/\/dualgree.com.br\/loja\/produto\/placa-da-evaporadora-ar-condicionado-samsung-inverter-ar09hvspbsnnaz\/","url":"https:\/\/dualgree.com.br\/loja\/produto\/placa-da-evaporadora-ar-condicionado-samsung-inverter-ar09hvspbsnnaz\/","name":"Placa Da Evaporadora Ar Condicionado Samsung Inverter AR09HVSPBSNNAZ - Loja - Dual Gree Servi\u00e7os | Pe\u00e7as","isPartOf":{"@id":"https:\/\/dualgree.com.br\/loja\/#website"},"primaryImageOfPage":{"@id":"https:\/\/dualgree.com.br\/loja\/produto\/placa-da-evaporadora-ar-condicionado-samsung-inverter-ar09hvspbsnnaz\/#primaryimage"},"image":{"@id":"https:\/\/dualgree.com.br\/loja\/produto\/placa-da-evaporadora-ar-condicionado-samsung-inverter-ar09hvspbsnnaz\/#primaryimage"},"thumbnailUrl":"https:\/\/dualgree.com.br\/loja\/wp-content\/uploads\/2025\/06\/15301312215-ic1013-placa-samsung-inverter-evaporadora-db9312825p-db9312825h-db9310859l.webp","datePublished":"2025-06-02T16:56:55+00:00","dateModified":"2026-01-30T13:52:56+00:00","breadcrumb":{"@id":"https:\/\/dualgree.com.br\/loja\/produto\/placa-da-evaporadora-ar-condicionado-samsung-inverter-ar09hvspbsnnaz\/#breadcrumb"},"inLanguage":"pt-BR","potentialAction":[{"@type":"ReadAction","target":["https:\/\/dualgree.com.br\/loja\/produto\/placa-da-evaporadora-ar-condicionado-samsung-inverter-ar09hvspbsnnaz\/"]}]},{"@type":"ImageObject","inLanguage":"pt-BR","@id":"https:\/\/dualgree.com.br\/loja\/produto\/placa-da-evaporadora-ar-condicionado-samsung-inverter-ar09hvspbsnnaz\/#primaryimage","url":"https:\/\/dualgree.com.br\/loja\/wp-content\/uploads\/2025\/06\/15301312215-ic1013-placa-samsung-inverter-evaporadora-db9312825p-db9312825h-db9310859l.webp","contentUrl":"https:\/\/dualgree.com.br\/loja\/wp-content\/uploads\/2025\/06\/15301312215-ic1013-placa-samsung-inverter-evaporadora-db9312825p-db9312825h-db9310859l.webp","width":1280,"height":1280},{"@type":"BreadcrumbList","@id":"https:\/\/dualgree.com.br\/loja\/produto\/placa-da-evaporadora-ar-condicionado-samsung-inverter-ar09hvspbsnnaz\/#breadcrumb","itemListElement":[{"@type":"ListItem","position":1,"name":"In\u00edcio","item":"https:\/\/dualgree.com.br\/loja\/"},{"@type":"ListItem","position":2,"name":"Loja &#8211; Cat\u00e1logo de Pe\u00e7as","item":"https:\/\/dualgree.com.br\/loja\/"},{"@type":"ListItem","position":3,"name":"Placa Da Evaporadora Ar Condicionado Samsung Inverter AR09H..."}]},{"@type":"WebSite","@id":"https:\/\/dualgree.com.br\/loja\/#website","url":"https:\/\/dualgree.com.br\/loja\/","name":"Loja - Dual Gree Servi\u00e7os | Partes e Pe\u00e7as","description":"Catalogo de Pe\u00e7as para ar condicionado","publisher":{"@id":"https:\/\/dualgree.com.br\/loja\/#organization"},"potentialAction":[{"@type":"SearchAction","target":{"@type":"EntryPoint","urlTemplate":"https:\/\/dualgree.com.br\/loja\/?s={search_term_string}"},"query-input":{"@type":"PropertyValueSpecification","valueRequired":true,"valueName":"search_term_string"}}],"inLanguage":"pt-BR"},{"@type":"Organization","@id":"https:\/\/dualgree.com.br\/loja\/#organization","name":"Loja Dual Gree Servi\u00e7o","url":"https:\/\/dualgree.com.br\/loja\/","logo":{"@type":"ImageObject","inLanguage":"pt-BR","@id":"https:\/\/dualgree.com.br\/loja\/#\/schema\/logo\/image\/","url":"https:\/\/dualgree.com.br\/loja\/wp-content\/uploads\/2024\/09\/teste-logo-ecommerce-dual-1-e1725909304971.png","contentUrl":"https:\/\/dualgree.com.br\/loja\/wp-content\/uploads\/2024\/09\/teste-logo-ecommerce-dual-1-e1725909304971.png","width":470,"height":157,"caption":"Loja Dual Gree Servi\u00e7o"},"image":{"@id":"https:\/\/dualgree.com.br\/loja\/#\/schema\/logo\/image\/"}}]}},"jetpack_publicize_connections":[],"jetpack_sharing_enabled":true,"jetpack_likes_enabled":true,"_links":{"self":[{"href":"https:\/\/dualgree.com.br\/loja\/wp-json\/wp\/v2\/product\/9739","targetHints":{"allow":["GET"]}}],"collection":[{"href":"https:\/\/dualgree.com.br\/loja\/wp-json\/wp\/v2\/product"}],"about":[{"href":"https:\/\/dualgree.com.br\/loja\/wp-json\/wp\/v2\/types\/product"}],"replies":[{"embeddable":true,"href":"https:\/\/dualgree.com.br\/loja\/wp-json\/wp\/v2\/comments?post=9739"}],"wp:featuredmedia":[{"embeddable":true,"href":"https:\/\/dualgree.com.br\/loja\/wp-json\/wp\/v2\/media\/9735"}],"wp:attachment":[{"href":"https:\/\/dualgree.com.br\/loja\/wp-json\/wp\/v2\/media?parent=9739"}],"wp:term":[{"taxonomy":"product_brand","embeddable":true,"href":"https:\/\/dualgree.com.br\/loja\/wp-json\/wp\/v2\/product_brand?post=9739"},{"taxonomy":"product_cat","embeddable":true,"href":"https:\/\/dualgree.com.br\/loja\/wp-json\/wp\/v2\/product_cat?post=9739"},{"taxonomy":"product_tag","embeddable":true,"href":"https:\/\/dualgree.com.br\/loja\/wp-json\/wp\/v2\/product_tag?post=9739"}],"curies":[{"name":"wp","href":"https:\/\/api.w.org\/{rel}","templated":true}]}}