{"id":9757,"date":"2025-06-02T21:56:57","date_gmt":"2025-06-02T21:56:57","guid":{"rendered":"https:\/\/dualgree.com.br\/loja\/produto\/borracha-mancal-da-turbina-evaporadora-elgin-hsfi12c1ia\/"},"modified":"2026-04-09T12:58:29","modified_gmt":"2026-04-09T12:58:29","slug":"borracha-mancal-da-turbina-evaporadora-elgin-hsfi12c1ia","status":"publish","type":"product","link":"https:\/\/dualgree.com.br\/loja\/produto\/borracha-mancal-da-turbina-evaporadora-elgin-hsfi12c1ia\/","title":{"rendered":"Borracha mancal da turbina evaporadora  Elgin hsfi12c1ia"},"content":{"rendered":"<p>\u00a0<\/p>\n<div class=\"mdc-layout-grid__cell mdc-layout-grid__cell--span-10\" style=\"width: auto;margin: 0px;grid-column-end: span 10;color: #495769;font-family: Arial;font-size: 12px;font-style: normal;font-weight: 400;letter-spacing: normal;text-align: start;text-indent: 0px;text-transform: none;background-color: #ffffff\">\n<h1 id=\"titulo_novo_produto\" data-i18n=\"Produto:productStepByStep.form.titleNewProduct\" style=\"font-size: 24px;margin: 0px;font-family: Gilroy;font-weight: bold;color: #495769;padding: 0px;letter-spacing: 0.5px\">IC737 &#8211; Borracha mancal da turbina evaporadora Elgin hsfi12c1ia<\/h1>\n<p>\u00a0<\/p>\n<p>\u00a0<\/p>\n<div class=\"mdc-layout-grid__cell mdc-layout-grid__cell--span-10\" style=\"width: auto;margin: 0px;grid-column-end: span 10;color: #495769;font-family: Arial;font-size: 12px;font-style: normal;font-weight: 400;letter-spacing: normal;text-align: start;text-indent: 0px;text-transform: none;background-color: #ffffff\">\n<h1 id=\"titulo_novo_produto\" data-i18n=\"Produto:productStepByStep.form.titleNewProduct\" style=\"font-size: 24px;margin: 0px;font-family: Gilroy;font-weight: bold;color: #495769;padding: 0px;letter-spacing: 0.5px\">Borracha mancal da turbina evaporadora Elgin hsfi12c1ia<\/h1>\n<\/div>\n<p>\u00a0<\/p>\n<div class=\"mdc-layout-grid__cell mdc-layout-grid__cell--span-10\" style=\"width: auto;margin: 0px;grid-column-end: span 10;color: #495769;font-family: Arial;font-size: 12px;font-style: normal;font-weight: 400;letter-spacing: normal;text-align: start;text-indent: 0px;text-transform: none;background-color: #ffffff\">\n<h1 data-i18n=\"Produto:productStepByStep.form.titleNewProduct\" style=\"font-size: 24px;margin: 0px;font-family: Gilroy;font-weight: bold;color: #495769;padding: 0px;letter-spacing: 0.5px\"><\/h1>\n<h1 id=\"titulo_novo_produto\" data-i18n=\"Produto:productStepByStep.form.titleNewProduct\" style=\"font-size: 24px;margin: 0px;font-family: Gilroy;font-weight: bold;color: #495769;padding: 0px;letter-spacing: 0.5px\">Borracha mancal da turbina evaporadora Elgin hsfi09c1ia<\/h1>\n<p>\u00a0<\/p>\n<p>\u00a0<\/p>\n<div class=\"mdc-layout-grid__cell mdc-layout-grid__cell--span-10\" style=\"width: auto;margin: 0px;grid-column-end: span 10;color: #495769;font-family: Arial;font-size: 12px;font-style: normal;font-weight: 400;letter-spacing: normal;text-align: start;text-indent: 0px;text-transform: none;background-color: #ffffff\">\n<h1 id=\"titulo_novo_produto\" data-i18n=\"Produto:productStepByStep.form.titleNewProduct\" style=\"font-size: 24px;margin: 0px;font-family: Gilroy;font-weight: bold;color: #495769;padding: 0px;letter-spacing: 0.5px\">Borracha mancal da turbina evaporadora Elgin hsfqi12c1ia<\/h1>\n<p>\u00a0<\/p>\n<h1 id=\"titulo_novo_produto\" data-i18n=\"Produto:productStepByStep.form.titleNewProduct\" style=\"font-size: 24px;margin: 0px;font-family: Gilroy;padding: 0px;letter-spacing: 0.5px\">Borracha mancal da turbina evaporadora Elgin hsfqi09c1ia<\/h1>\n<p>\u00a0<\/p>\n<h1 id=\"titulo_novo_produto\" data-i18n=\"Produto:productStepByStep.form.titleNewProduct\" style=\"font-size: 24px;margin: 0px;font-family: Gilroy;padding: 0px;letter-spacing: 0.5px\">Borracha mancal da turbina evaporadora Elgin HFVI18B2IA<\/h1>\n<p>\u00a0<\/p>\n<p>\u00a0<\/p>\n<\/div>\n<\/div>\n<\/div>\n","protected":false},"excerpt":{"rendered":"<p>\u00a0 IC737 &#8211; Borracha mancal da turbina evaporadora Elgin hsfi12c1ia \u00a0 \u00a0 Borracha mancal da turbina evaporadora Elgin hsfi12c1ia \u00a0 Borracha mancal da turbina evaporadora Elgin hsfi09c1ia \u00a0 \u00a0 Borracha mancal da turbina evaporadora Elgin hsfqi12c1ia \u00a0 Borracha mancal da turbina evaporadora Elgin hsfqi09c1ia \u00a0 Borracha mancal da turbina evaporadora Elgin HFVI18B2IA \u00a0 \u00a0<\/p>\n","protected":false},"featured_media":11121,"comment_status":"open","ping_status":"closed","template":"","meta":{"_kadence_starter_templates_imported_post":false,"_kad_post_transparent":"","_kad_post_title":"","_kad_post_layout":"","_kad_post_sidebar_id":"","_kad_post_content_style":"","_kad_post_vertical_padding":"","_kad_post_feature":"","_kad_post_feature_position":"","_kad_post_header":false,"_kad_post_footer":false,"jetpack_publicize_message":"","jetpack_publicize_feature_enabled":true,"jetpack_social_post_already_shared":false,"jetpack_social_options":{"image_generator_settings":{"template":"highway","default_image_id":0,"font":"","enabled":false},"version":2}},"product_brand":[],"product_cat":[221,185],"product_tag":[],"class_list":{"0":"post-9757","1":"product","2":"type-product","3":"status-publish","4":"has-post-thumbnail","6":"product_cat-borracha-mancal-turbina","7":"product_cat-elgin","9":"first","10":"outofstock","11":"shipping-taxable","12":"purchasable","13":"product-type-simple","14":"entry","15":"content-bg","16":"loop-entry"},"yoast_head":"<!-- This site is optimized with the Yoast SEO plugin v27.5 - https:\/\/yoast.com\/product\/yoast-seo-wordpress\/ -->\n<title>Borracha mancal da turbina evaporadora Elgin hsfi12c1ia - Loja - Dual Gree Servi\u00e7os | Pe\u00e7as<\/title>\n<meta name=\"robots\" content=\"index, follow, max-snippet:-1, max-image-preview:large, max-video-preview:-1\" \/>\n<link rel=\"canonical\" href=\"https:\/\/dualgree.com.br\/loja\/produto\/borracha-mancal-da-turbina-evaporadora-elgin-hsfi12c1ia\/\" \/>\n<meta property=\"og:locale\" content=\"pt_BR\" \/>\n<meta property=\"og:type\" content=\"article\" \/>\n<meta property=\"og:title\" content=\"Borracha mancal da turbina evaporadora Elgin hsfi12c1ia - Loja - Dual Gree Servi\u00e7os | Pe\u00e7as\" \/>\n<meta property=\"og:description\" content=\"\u00a0 IC737 &#8211; Borracha mancal da turbina evaporadora Elgin hsfi12c1ia \u00a0 \u00a0 Borracha mancal da turbina evaporadora Elgin hsfi12c1ia \u00a0 Borracha mancal da turbina evaporadora Elgin hsfi09c1ia \u00a0 \u00a0 Borracha mancal da turbina evaporadora Elgin hsfqi12c1ia \u00a0 Borracha mancal da turbina evaporadora Elgin hsfqi09c1ia \u00a0 Borracha mancal da turbina evaporadora Elgin HFVI18B2IA \u00a0 \u00a0\" \/>\n<meta property=\"og:url\" content=\"https:\/\/dualgree.com.br\/loja\/produto\/borracha-mancal-da-turbina-evaporadora-elgin-hsfi12c1ia\/\" \/>\n<meta property=\"og:site_name\" content=\"Loja - Dual Gree Servi\u00e7os | Pe\u00e7as\" \/>\n<meta property=\"article:modified_time\" content=\"2026-04-09T12:58:29+00:00\" \/>\n<meta property=\"og:image\" content=\"https:\/\/dualgree.com.br\/loja\/wp-content\/uploads\/2025\/06\/15303096681-2214-borracha-mancal-da-evaporadora-ar-condicionado-compativel-com-comfee-42afce12f5-2.webp\" \/>\n\t<meta property=\"og:image:width\" content=\"1280\" \/>\n\t<meta property=\"og:image:height\" content=\"1280\" \/>\n\t<meta property=\"og:image:type\" content=\"image\/jpeg\" \/>\n<meta name=\"twitter:card\" content=\"summary_large_image\" \/>\n<script type=\"application\/ld+json\" class=\"yoast-schema-graph\">{\"@context\":\"https:\\\/\\\/schema.org\",\"@graph\":[{\"@type\":\"WebPage\",\"@id\":\"https:\\\/\\\/dualgree.com.br\\\/loja\\\/produto\\\/borracha-mancal-da-turbina-evaporadora-elgin-hsfi12c1ia\\\/\",\"url\":\"https:\\\/\\\/dualgree.com.br\\\/loja\\\/produto\\\/borracha-mancal-da-turbina-evaporadora-elgin-hsfi12c1ia\\\/\",\"name\":\"Borracha mancal da turbina evaporadora Elgin hsfi12c1ia - Loja - Dual Gree Servi\u00e7os | Pe\u00e7as\",\"isPartOf\":{\"@id\":\"https:\\\/\\\/dualgree.com.br\\\/loja\\\/#website\"},\"primaryImageOfPage\":{\"@id\":\"https:\\\/\\\/dualgree.com.br\\\/loja\\\/produto\\\/borracha-mancal-da-turbina-evaporadora-elgin-hsfi12c1ia\\\/#primaryimage\"},\"image\":{\"@id\":\"https:\\\/\\\/dualgree.com.br\\\/loja\\\/produto\\\/borracha-mancal-da-turbina-evaporadora-elgin-hsfi12c1ia\\\/#primaryimage\"},\"thumbnailUrl\":\"https:\\\/\\\/dualgree.com.br\\\/loja\\\/wp-content\\\/uploads\\\/2025\\\/08\\\/15303096669-2214-borracha-mancal-da-evaporadora-ar-condicionado-compativel-com-comfee-42afce12f5-1.webp\",\"datePublished\":\"2025-06-02T21:56:57+00:00\",\"dateModified\":\"2026-04-09T12:58:29+00:00\",\"breadcrumb\":{\"@id\":\"https:\\\/\\\/dualgree.com.br\\\/loja\\\/produto\\\/borracha-mancal-da-turbina-evaporadora-elgin-hsfi12c1ia\\\/#breadcrumb\"},\"inLanguage\":\"pt-BR\",\"potentialAction\":[{\"@type\":\"ReadAction\",\"target\":[\"https:\\\/\\\/dualgree.com.br\\\/loja\\\/produto\\\/borracha-mancal-da-turbina-evaporadora-elgin-hsfi12c1ia\\\/\"]}]},{\"@type\":\"ImageObject\",\"inLanguage\":\"pt-BR\",\"@id\":\"https:\\\/\\\/dualgree.com.br\\\/loja\\\/produto\\\/borracha-mancal-da-turbina-evaporadora-elgin-hsfi12c1ia\\\/#primaryimage\",\"url\":\"https:\\\/\\\/dualgree.com.br\\\/loja\\\/wp-content\\\/uploads\\\/2025\\\/08\\\/15303096669-2214-borracha-mancal-da-evaporadora-ar-condicionado-compativel-com-comfee-42afce12f5-1.webp\",\"contentUrl\":\"https:\\\/\\\/dualgree.com.br\\\/loja\\\/wp-content\\\/uploads\\\/2025\\\/08\\\/15303096669-2214-borracha-mancal-da-evaporadora-ar-condicionado-compativel-com-comfee-42afce12f5-1.webp\",\"width\":1280,\"height\":1280},{\"@type\":\"BreadcrumbList\",\"@id\":\"https:\\\/\\\/dualgree.com.br\\\/loja\\\/produto\\\/borracha-mancal-da-turbina-evaporadora-elgin-hsfi12c1ia\\\/#breadcrumb\",\"itemListElement\":[{\"@type\":\"ListItem\",\"position\":1,\"name\":\"In\u00edcio\",\"item\":\"https:\\\/\\\/dualgree.com.br\\\/loja\\\/\"},{\"@type\":\"ListItem\",\"position\":2,\"name\":\"Loja &#8211; Cat\u00e1logo de Pe\u00e7as\",\"item\":\"https:\\\/\\\/dualgree.com.br\\\/loja\\\/\"},{\"@type\":\"ListItem\",\"position\":3,\"name\":\"Borracha mancal da turbina evaporadora Elgin hsfi12c1ia\"}]},{\"@type\":\"WebSite\",\"@id\":\"https:\\\/\\\/dualgree.com.br\\\/loja\\\/#website\",\"url\":\"https:\\\/\\\/dualgree.com.br\\\/loja\\\/\",\"name\":\"Loja - Dual Gree Servi\u00e7os | Partes e Pe\u00e7as\",\"description\":\"Catalogo de Pe\u00e7as para ar condicionado\",\"publisher\":{\"@id\":\"https:\\\/\\\/dualgree.com.br\\\/loja\\\/#organization\"},\"potentialAction\":[{\"@type\":\"SearchAction\",\"target\":{\"@type\":\"EntryPoint\",\"urlTemplate\":\"https:\\\/\\\/dualgree.com.br\\\/loja\\\/?s={search_term_string}\"},\"query-input\":{\"@type\":\"PropertyValueSpecification\",\"valueRequired\":true,\"valueName\":\"search_term_string\"}}],\"inLanguage\":\"pt-BR\"},{\"@type\":\"Organization\",\"@id\":\"https:\\\/\\\/dualgree.com.br\\\/loja\\\/#organization\",\"name\":\"Loja Dual Gree Servi\u00e7o\",\"url\":\"https:\\\/\\\/dualgree.com.br\\\/loja\\\/\",\"logo\":{\"@type\":\"ImageObject\",\"inLanguage\":\"pt-BR\",\"@id\":\"https:\\\/\\\/dualgree.com.br\\\/loja\\\/#\\\/schema\\\/logo\\\/image\\\/\",\"url\":\"https:\\\/\\\/dualgree.com.br\\\/loja\\\/wp-content\\\/uploads\\\/2024\\\/09\\\/teste-logo-ecommerce-dual-1-e1725909304971.png\",\"contentUrl\":\"https:\\\/\\\/dualgree.com.br\\\/loja\\\/wp-content\\\/uploads\\\/2024\\\/09\\\/teste-logo-ecommerce-dual-1-e1725909304971.png\",\"width\":470,\"height\":157,\"caption\":\"Loja Dual Gree Servi\u00e7o\"},\"image\":{\"@id\":\"https:\\\/\\\/dualgree.com.br\\\/loja\\\/#\\\/schema\\\/logo\\\/image\\\/\"}}]}<\/script>\n<!-- \/ Yoast SEO plugin. -->","yoast_head_json":{"title":"Borracha mancal da turbina evaporadora Elgin hsfi12c1ia - Loja - Dual Gree Servi\u00e7os | Pe\u00e7as","robots":{"index":"index","follow":"follow","max-snippet":"max-snippet:-1","max-image-preview":"max-image-preview:large","max-video-preview":"max-video-preview:-1"},"canonical":"https:\/\/dualgree.com.br\/loja\/produto\/borracha-mancal-da-turbina-evaporadora-elgin-hsfi12c1ia\/","og_locale":"pt_BR","og_type":"article","og_title":"Borracha mancal da turbina evaporadora Elgin hsfi12c1ia - Loja - Dual Gree Servi\u00e7os | Pe\u00e7as","og_description":"\u00a0 IC737 &#8211; Borracha mancal da turbina evaporadora Elgin hsfi12c1ia \u00a0 \u00a0 Borracha mancal da turbina evaporadora Elgin hsfi12c1ia \u00a0 Borracha mancal da turbina evaporadora Elgin hsfi09c1ia \u00a0 \u00a0 Borracha mancal da turbina evaporadora Elgin hsfqi12c1ia \u00a0 Borracha mancal da turbina evaporadora Elgin hsfqi09c1ia \u00a0 Borracha mancal da turbina evaporadora Elgin HFVI18B2IA \u00a0 \u00a0","og_url":"https:\/\/dualgree.com.br\/loja\/produto\/borracha-mancal-da-turbina-evaporadora-elgin-hsfi12c1ia\/","og_site_name":"Loja - Dual Gree Servi\u00e7os | Pe\u00e7as","article_modified_time":"2026-04-09T12:58:29+00:00","og_image":[{"width":1280,"height":1280,"url":"https:\/\/dualgree.com.br\/loja\/wp-content\/uploads\/2025\/06\/15303096681-2214-borracha-mancal-da-evaporadora-ar-condicionado-compativel-com-comfee-42afce12f5-2.webp","type":"image\/jpeg"}],"twitter_card":"summary_large_image","schema":{"@context":"https:\/\/schema.org","@graph":[{"@type":"WebPage","@id":"https:\/\/dualgree.com.br\/loja\/produto\/borracha-mancal-da-turbina-evaporadora-elgin-hsfi12c1ia\/","url":"https:\/\/dualgree.com.br\/loja\/produto\/borracha-mancal-da-turbina-evaporadora-elgin-hsfi12c1ia\/","name":"Borracha mancal da turbina evaporadora Elgin hsfi12c1ia - Loja - Dual Gree Servi\u00e7os | Pe\u00e7as","isPartOf":{"@id":"https:\/\/dualgree.com.br\/loja\/#website"},"primaryImageOfPage":{"@id":"https:\/\/dualgree.com.br\/loja\/produto\/borracha-mancal-da-turbina-evaporadora-elgin-hsfi12c1ia\/#primaryimage"},"image":{"@id":"https:\/\/dualgree.com.br\/loja\/produto\/borracha-mancal-da-turbina-evaporadora-elgin-hsfi12c1ia\/#primaryimage"},"thumbnailUrl":"https:\/\/dualgree.com.br\/loja\/wp-content\/uploads\/2025\/08\/15303096669-2214-borracha-mancal-da-evaporadora-ar-condicionado-compativel-com-comfee-42afce12f5-1.webp","datePublished":"2025-06-02T21:56:57+00:00","dateModified":"2026-04-09T12:58:29+00:00","breadcrumb":{"@id":"https:\/\/dualgree.com.br\/loja\/produto\/borracha-mancal-da-turbina-evaporadora-elgin-hsfi12c1ia\/#breadcrumb"},"inLanguage":"pt-BR","potentialAction":[{"@type":"ReadAction","target":["https:\/\/dualgree.com.br\/loja\/produto\/borracha-mancal-da-turbina-evaporadora-elgin-hsfi12c1ia\/"]}]},{"@type":"ImageObject","inLanguage":"pt-BR","@id":"https:\/\/dualgree.com.br\/loja\/produto\/borracha-mancal-da-turbina-evaporadora-elgin-hsfi12c1ia\/#primaryimage","url":"https:\/\/dualgree.com.br\/loja\/wp-content\/uploads\/2025\/08\/15303096669-2214-borracha-mancal-da-evaporadora-ar-condicionado-compativel-com-comfee-42afce12f5-1.webp","contentUrl":"https:\/\/dualgree.com.br\/loja\/wp-content\/uploads\/2025\/08\/15303096669-2214-borracha-mancal-da-evaporadora-ar-condicionado-compativel-com-comfee-42afce12f5-1.webp","width":1280,"height":1280},{"@type":"BreadcrumbList","@id":"https:\/\/dualgree.com.br\/loja\/produto\/borracha-mancal-da-turbina-evaporadora-elgin-hsfi12c1ia\/#breadcrumb","itemListElement":[{"@type":"ListItem","position":1,"name":"In\u00edcio","item":"https:\/\/dualgree.com.br\/loja\/"},{"@type":"ListItem","position":2,"name":"Loja &#8211; Cat\u00e1logo de Pe\u00e7as","item":"https:\/\/dualgree.com.br\/loja\/"},{"@type":"ListItem","position":3,"name":"Borracha mancal da turbina evaporadora Elgin hsfi12c1ia"}]},{"@type":"WebSite","@id":"https:\/\/dualgree.com.br\/loja\/#website","url":"https:\/\/dualgree.com.br\/loja\/","name":"Loja - Dual Gree Servi\u00e7os | Partes e Pe\u00e7as","description":"Catalogo de Pe\u00e7as para ar condicionado","publisher":{"@id":"https:\/\/dualgree.com.br\/loja\/#organization"},"potentialAction":[{"@type":"SearchAction","target":{"@type":"EntryPoint","urlTemplate":"https:\/\/dualgree.com.br\/loja\/?s={search_term_string}"},"query-input":{"@type":"PropertyValueSpecification","valueRequired":true,"valueName":"search_term_string"}}],"inLanguage":"pt-BR"},{"@type":"Organization","@id":"https:\/\/dualgree.com.br\/loja\/#organization","name":"Loja Dual Gree Servi\u00e7o","url":"https:\/\/dualgree.com.br\/loja\/","logo":{"@type":"ImageObject","inLanguage":"pt-BR","@id":"https:\/\/dualgree.com.br\/loja\/#\/schema\/logo\/image\/","url":"https:\/\/dualgree.com.br\/loja\/wp-content\/uploads\/2024\/09\/teste-logo-ecommerce-dual-1-e1725909304971.png","contentUrl":"https:\/\/dualgree.com.br\/loja\/wp-content\/uploads\/2024\/09\/teste-logo-ecommerce-dual-1-e1725909304971.png","width":470,"height":157,"caption":"Loja Dual Gree Servi\u00e7o"},"image":{"@id":"https:\/\/dualgree.com.br\/loja\/#\/schema\/logo\/image\/"}}]}},"jetpack_publicize_connections":[],"jetpack_sharing_enabled":true,"jetpack_likes_enabled":true,"_links":{"self":[{"href":"https:\/\/dualgree.com.br\/loja\/wp-json\/wp\/v2\/product\/9757","targetHints":{"allow":["GET"]}}],"collection":[{"href":"https:\/\/dualgree.com.br\/loja\/wp-json\/wp\/v2\/product"}],"about":[{"href":"https:\/\/dualgree.com.br\/loja\/wp-json\/wp\/v2\/types\/product"}],"replies":[{"embeddable":true,"href":"https:\/\/dualgree.com.br\/loja\/wp-json\/wp\/v2\/comments?post=9757"}],"wp:featuredmedia":[{"embeddable":true,"href":"https:\/\/dualgree.com.br\/loja\/wp-json\/wp\/v2\/media\/11121"}],"wp:attachment":[{"href":"https:\/\/dualgree.com.br\/loja\/wp-json\/wp\/v2\/media?parent=9757"}],"wp:term":[{"taxonomy":"product_brand","embeddable":true,"href":"https:\/\/dualgree.com.br\/loja\/wp-json\/wp\/v2\/product_brand?post=9757"},{"taxonomy":"product_cat","embeddable":true,"href":"https:\/\/dualgree.com.br\/loja\/wp-json\/wp\/v2\/product_cat?post=9757"},{"taxonomy":"product_tag","embeddable":true,"href":"https:\/\/dualgree.com.br\/loja\/wp-json\/wp\/v2\/product_tag?post=9757"}],"curies":[{"name":"wp","href":"https:\/\/api.w.org\/{rel}","templated":true}]}}