{"id":9772,"date":"2025-06-03T13:58:22","date_gmt":"2025-06-03T13:58:22","guid":{"rendered":"https:\/\/dualgree.com.br\/loja\/produto\/cabo-chicote-da-display-ar-condicionado-elgin-12-a-30-mil-btus\/"},"modified":"2025-06-03T13:58:22","modified_gmt":"2025-06-03T13:58:22","slug":"cabo-chicote-da-display-ar-condicionado-elgin-12-a-30-mil-btus","status":"publish","type":"product","link":"https:\/\/dualgree.com.br\/loja\/produto\/cabo-chicote-da-display-ar-condicionado-elgin-12-a-30-mil-btus\/","title":{"rendered":"Cabo Chicote Da Display Ar Condicionado Elgin 12 a 30 mil bt..."},"content":{"rendered":"<p>Cabo de interliga\u00e7\u00e3o da placa display e placa principal do ar condicionado Elgin 12.000 btus<\/p>\n<p><span style=\"font-family: arial, tahoma, verdana, helvetica;font-size: 14.72px\">ic1341- cabo chicote da display ar condicionado Elgin12000 hwfi12b2ia<\/span><br style=\"font-family: arial, tahoma, verdana, helvetica;font-size: 14.72px\" \/><br style=\"font-family: arial, tahoma, verdana, helvetica;font-size: 14.72px\" \/><span style=\"font-family: arial, tahoma, verdana, helvetica;font-size: 14.72px\">Este cabo conecta na placa e depois no cabo que vem da display.<\/span><br style=\"font-family: arial, tahoma, verdana, helvetica;font-size: 14.72px\" \/><br style=\"font-family: arial, tahoma, verdana, helvetica;font-size: 14.72px\" \/><span style=\"font-family: arial, tahoma, verdana, helvetica;font-size: 14.72px\">MODELOS APLICADOS.<\/span><br style=\"font-family: arial, tahoma, verdana, helvetica;font-size: 14.72px\" \/><span style=\"font-family: arial, tahoma, verdana, helvetica;font-size: 14.72px\">HSqi12C1iA.<\/span><br \/>HwQi12b2ia<br style=\"font-family: arial, tahoma, verdana, helvetica;font-size: 14.72px\" \/><span style=\"font-family: arial, tahoma, verdana, helvetica;font-size: 14.72px\">HSfi12C1iA.<\/span><br style=\"font-family: arial, tahoma, verdana, helvetica;font-size: 14.72px\" \/><span style=\"font-family: arial, tahoma, verdana, helvetica;font-size: 14.72px\">hwfi12b2ia.<\/span><br style=\"font-family: arial, tahoma, verdana, helvetica;font-size: 14.72px\" \/><span style=\"font-family: arial, tahoma, verdana, helvetica;font-size: 14.72px\">HVFI30B2IA ELGIN.<\/span><br style=\"font-family: arial, tahoma, verdana, helvetica;font-size: 14.72px\" \/><span style=\"font-family: arial, tahoma, verdana, helvetica;font-size: 14.72px\">ICS30FR4 AGRATTO.<\/span><\/p>\n","protected":false},"excerpt":{"rendered":"<p>Cabo de interliga\u00e7\u00e3o da placa display e placa principal do ar condicionado Elgin 12.000 btus ic1341- cabo chicote da display ar condicionado Elgin12000 hwfi12b2iaEste cabo conecta na placa e depois no cabo que vem da display.MODELOS APLICADOS.HSqi12C1iA.HwQi12b2iaHSfi12C1iA.hwfi12b2ia.HVFI30B2IA ELGIN.ICS30FR4 AGRATTO.<\/p>\n","protected":false},"featured_media":9771,"comment_status":"open","ping_status":"closed","template":"","meta":{"_kadence_starter_templates_imported_post":false,"_kad_post_transparent":"","_kad_post_title":"","_kad_post_layout":"","_kad_post_sidebar_id":"","_kad_post_content_style":"","_kad_post_vertical_padding":"","_kad_post_feature":"","_kad_post_feature_position":"","_kad_post_header":false,"_kad_post_footer":false,"jetpack_publicize_message":"","jetpack_publicize_feature_enabled":true,"jetpack_social_post_already_shared":false,"jetpack_social_options":{"image_generator_settings":{"template":"highway","default_image_id":0,"font":"","enabled":false},"version":2}},"product_brand":[],"product_cat":[207,371,185],"product_tag":[],"class_list":{"0":"post-9772","1":"product","2":"type-product","3":"status-publish","4":"has-post-thumbnail","6":"product_cat-agratto","7":"product_cat-cabo-da-display-receptora-split","8":"product_cat-elgin","10":"first","11":"instock","12":"shipping-taxable","13":"purchasable","14":"product-type-simple","15":"entry","16":"content-bg","17":"loop-entry"},"yoast_head":"<!-- This site is optimized with the Yoast SEO plugin v27.5 - https:\/\/yoast.com\/product\/yoast-seo-wordpress\/ -->\n<title>Cabo Chicote Da Display Ar Condicionado Elgin 12 a 30 mil btus - Loja - Dual Gree Servi\u00e7os | Pe\u00e7as<\/title>\n<meta name=\"robots\" content=\"index, follow, max-snippet:-1, max-image-preview:large, max-video-preview:-1\" \/>\n<link rel=\"canonical\" href=\"https:\/\/dualgree.com.br\/loja\/produto\/cabo-chicote-da-display-ar-condicionado-elgin-12-a-30-mil-btus\/\" \/>\n<meta property=\"og:locale\" content=\"pt_BR\" \/>\n<meta property=\"og:type\" content=\"article\" \/>\n<meta property=\"og:title\" content=\"Cabo Chicote Da Display Ar Condicionado Elgin 12 a 30 mil btus - Loja - Dual Gree Servi\u00e7os | Pe\u00e7as\" \/>\n<meta property=\"og:description\" content=\"Cabo de interliga\u00e7\u00e3o da placa display e placa principal do ar condicionado Elgin 12.000 btus ic1341- cabo chicote da display ar condicionado Elgin12000 hwfi12b2iaEste cabo conecta na placa e depois no cabo que vem da display.MODELOS APLICADOS.HSqi12C1iA.HwQi12b2iaHSfi12C1iA.hwfi12b2ia.HVFI30B2IA ELGIN.ICS30FR4 AGRATTO.\" \/>\n<meta property=\"og:url\" content=\"https:\/\/dualgree.com.br\/loja\/produto\/cabo-chicote-da-display-ar-condicionado-elgin-12-a-30-mil-btus\/\" \/>\n<meta property=\"og:site_name\" content=\"Loja - Dual Gree Servi\u00e7os | Pe\u00e7as\" \/>\n<meta name=\"twitter:card\" content=\"summary_large_image\" \/>\n<script type=\"application\/ld+json\" class=\"yoast-schema-graph\">{\"@context\":\"https:\\\/\\\/schema.org\",\"@graph\":[{\"@type\":\"WebPage\",\"@id\":\"https:\\\/\\\/dualgree.com.br\\\/loja\\\/produto\\\/cabo-chicote-da-display-ar-condicionado-elgin-12-a-30-mil-btus\\\/\",\"url\":\"https:\\\/\\\/dualgree.com.br\\\/loja\\\/produto\\\/cabo-chicote-da-display-ar-condicionado-elgin-12-a-30-mil-btus\\\/\",\"name\":\"Cabo Chicote Da Display Ar Condicionado Elgin 12 a 30 mil btus - Loja - Dual Gree Servi\u00e7os | Pe\u00e7as\",\"isPartOf\":{\"@id\":\"https:\\\/\\\/dualgree.com.br\\\/loja\\\/#website\"},\"primaryImageOfPage\":{\"@id\":\"https:\\\/\\\/dualgree.com.br\\\/loja\\\/produto\\\/cabo-chicote-da-display-ar-condicionado-elgin-12-a-30-mil-btus\\\/#primaryimage\"},\"image\":{\"@id\":\"https:\\\/\\\/dualgree.com.br\\\/loja\\\/produto\\\/cabo-chicote-da-display-ar-condicionado-elgin-12-a-30-mil-btus\\\/#primaryimage\"},\"thumbnailUrl\":\"https:\\\/\\\/dualgree.com.br\\\/loja\\\/wp-content\\\/uploads\\\/2025\\\/06\\\/15352530759-ic1341-cabo-chicote-da-display-ar-condicionado-elgin12000-hwfi12b2ia.webp\",\"datePublished\":\"2025-06-03T13:58:22+00:00\",\"breadcrumb\":{\"@id\":\"https:\\\/\\\/dualgree.com.br\\\/loja\\\/produto\\\/cabo-chicote-da-display-ar-condicionado-elgin-12-a-30-mil-btus\\\/#breadcrumb\"},\"inLanguage\":\"pt-BR\",\"potentialAction\":[{\"@type\":\"ReadAction\",\"target\":[\"https:\\\/\\\/dualgree.com.br\\\/loja\\\/produto\\\/cabo-chicote-da-display-ar-condicionado-elgin-12-a-30-mil-btus\\\/\"]}]},{\"@type\":\"ImageObject\",\"inLanguage\":\"pt-BR\",\"@id\":\"https:\\\/\\\/dualgree.com.br\\\/loja\\\/produto\\\/cabo-chicote-da-display-ar-condicionado-elgin-12-a-30-mil-btus\\\/#primaryimage\",\"url\":\"https:\\\/\\\/dualgree.com.br\\\/loja\\\/wp-content\\\/uploads\\\/2025\\\/06\\\/15352530759-ic1341-cabo-chicote-da-display-ar-condicionado-elgin12000-hwfi12b2ia.webp\",\"contentUrl\":\"https:\\\/\\\/dualgree.com.br\\\/loja\\\/wp-content\\\/uploads\\\/2025\\\/06\\\/15352530759-ic1341-cabo-chicote-da-display-ar-condicionado-elgin12000-hwfi12b2ia.webp\",\"width\":1280,\"height\":1280},{\"@type\":\"BreadcrumbList\",\"@id\":\"https:\\\/\\\/dualgree.com.br\\\/loja\\\/produto\\\/cabo-chicote-da-display-ar-condicionado-elgin-12-a-30-mil-btus\\\/#breadcrumb\",\"itemListElement\":[{\"@type\":\"ListItem\",\"position\":1,\"name\":\"In\u00edcio\",\"item\":\"https:\\\/\\\/dualgree.com.br\\\/loja\\\/\"},{\"@type\":\"ListItem\",\"position\":2,\"name\":\"Loja &#8211; Cat\u00e1logo de Pe\u00e7as\",\"item\":\"https:\\\/\\\/dualgree.com.br\\\/loja\\\/\"},{\"@type\":\"ListItem\",\"position\":3,\"name\":\"Cabo Chicote Da Display Ar Condicionado Elgin 12 a 30 mil bt...\"}]},{\"@type\":\"WebSite\",\"@id\":\"https:\\\/\\\/dualgree.com.br\\\/loja\\\/#website\",\"url\":\"https:\\\/\\\/dualgree.com.br\\\/loja\\\/\",\"name\":\"Loja - Dual Gree Servi\u00e7os | Partes e Pe\u00e7as\",\"description\":\"Catalogo de Pe\u00e7as para ar condicionado\",\"publisher\":{\"@id\":\"https:\\\/\\\/dualgree.com.br\\\/loja\\\/#organization\"},\"potentialAction\":[{\"@type\":\"SearchAction\",\"target\":{\"@type\":\"EntryPoint\",\"urlTemplate\":\"https:\\\/\\\/dualgree.com.br\\\/loja\\\/?s={search_term_string}\"},\"query-input\":{\"@type\":\"PropertyValueSpecification\",\"valueRequired\":true,\"valueName\":\"search_term_string\"}}],\"inLanguage\":\"pt-BR\"},{\"@type\":\"Organization\",\"@id\":\"https:\\\/\\\/dualgree.com.br\\\/loja\\\/#organization\",\"name\":\"Loja Dual Gree Servi\u00e7o\",\"url\":\"https:\\\/\\\/dualgree.com.br\\\/loja\\\/\",\"logo\":{\"@type\":\"ImageObject\",\"inLanguage\":\"pt-BR\",\"@id\":\"https:\\\/\\\/dualgree.com.br\\\/loja\\\/#\\\/schema\\\/logo\\\/image\\\/\",\"url\":\"https:\\\/\\\/dualgree.com.br\\\/loja\\\/wp-content\\\/uploads\\\/2024\\\/09\\\/teste-logo-ecommerce-dual-1-e1725909304971.png\",\"contentUrl\":\"https:\\\/\\\/dualgree.com.br\\\/loja\\\/wp-content\\\/uploads\\\/2024\\\/09\\\/teste-logo-ecommerce-dual-1-e1725909304971.png\",\"width\":470,\"height\":157,\"caption\":\"Loja Dual Gree Servi\u00e7o\"},\"image\":{\"@id\":\"https:\\\/\\\/dualgree.com.br\\\/loja\\\/#\\\/schema\\\/logo\\\/image\\\/\"}}]}<\/script>\n<!-- \/ Yoast SEO plugin. -->","yoast_head_json":{"title":"Cabo Chicote Da Display Ar Condicionado Elgin 12 a 30 mil btus - Loja - Dual Gree Servi\u00e7os | Pe\u00e7as","robots":{"index":"index","follow":"follow","max-snippet":"max-snippet:-1","max-image-preview":"max-image-preview:large","max-video-preview":"max-video-preview:-1"},"canonical":"https:\/\/dualgree.com.br\/loja\/produto\/cabo-chicote-da-display-ar-condicionado-elgin-12-a-30-mil-btus\/","og_locale":"pt_BR","og_type":"article","og_title":"Cabo Chicote Da Display Ar Condicionado Elgin 12 a 30 mil btus - Loja - Dual Gree Servi\u00e7os | Pe\u00e7as","og_description":"Cabo de interliga\u00e7\u00e3o da placa display e placa principal do ar condicionado Elgin 12.000 btus ic1341- cabo chicote da display ar condicionado Elgin12000 hwfi12b2iaEste cabo conecta na placa e depois no cabo que vem da display.MODELOS APLICADOS.HSqi12C1iA.HwQi12b2iaHSfi12C1iA.hwfi12b2ia.HVFI30B2IA ELGIN.ICS30FR4 AGRATTO.","og_url":"https:\/\/dualgree.com.br\/loja\/produto\/cabo-chicote-da-display-ar-condicionado-elgin-12-a-30-mil-btus\/","og_site_name":"Loja - Dual Gree Servi\u00e7os | Pe\u00e7as","twitter_card":"summary_large_image","schema":{"@context":"https:\/\/schema.org","@graph":[{"@type":"WebPage","@id":"https:\/\/dualgree.com.br\/loja\/produto\/cabo-chicote-da-display-ar-condicionado-elgin-12-a-30-mil-btus\/","url":"https:\/\/dualgree.com.br\/loja\/produto\/cabo-chicote-da-display-ar-condicionado-elgin-12-a-30-mil-btus\/","name":"Cabo Chicote Da Display Ar Condicionado Elgin 12 a 30 mil btus - Loja - Dual Gree Servi\u00e7os | Pe\u00e7as","isPartOf":{"@id":"https:\/\/dualgree.com.br\/loja\/#website"},"primaryImageOfPage":{"@id":"https:\/\/dualgree.com.br\/loja\/produto\/cabo-chicote-da-display-ar-condicionado-elgin-12-a-30-mil-btus\/#primaryimage"},"image":{"@id":"https:\/\/dualgree.com.br\/loja\/produto\/cabo-chicote-da-display-ar-condicionado-elgin-12-a-30-mil-btus\/#primaryimage"},"thumbnailUrl":"https:\/\/dualgree.com.br\/loja\/wp-content\/uploads\/2025\/06\/15352530759-ic1341-cabo-chicote-da-display-ar-condicionado-elgin12000-hwfi12b2ia.webp","datePublished":"2025-06-03T13:58:22+00:00","breadcrumb":{"@id":"https:\/\/dualgree.com.br\/loja\/produto\/cabo-chicote-da-display-ar-condicionado-elgin-12-a-30-mil-btus\/#breadcrumb"},"inLanguage":"pt-BR","potentialAction":[{"@type":"ReadAction","target":["https:\/\/dualgree.com.br\/loja\/produto\/cabo-chicote-da-display-ar-condicionado-elgin-12-a-30-mil-btus\/"]}]},{"@type":"ImageObject","inLanguage":"pt-BR","@id":"https:\/\/dualgree.com.br\/loja\/produto\/cabo-chicote-da-display-ar-condicionado-elgin-12-a-30-mil-btus\/#primaryimage","url":"https:\/\/dualgree.com.br\/loja\/wp-content\/uploads\/2025\/06\/15352530759-ic1341-cabo-chicote-da-display-ar-condicionado-elgin12000-hwfi12b2ia.webp","contentUrl":"https:\/\/dualgree.com.br\/loja\/wp-content\/uploads\/2025\/06\/15352530759-ic1341-cabo-chicote-da-display-ar-condicionado-elgin12000-hwfi12b2ia.webp","width":1280,"height":1280},{"@type":"BreadcrumbList","@id":"https:\/\/dualgree.com.br\/loja\/produto\/cabo-chicote-da-display-ar-condicionado-elgin-12-a-30-mil-btus\/#breadcrumb","itemListElement":[{"@type":"ListItem","position":1,"name":"In\u00edcio","item":"https:\/\/dualgree.com.br\/loja\/"},{"@type":"ListItem","position":2,"name":"Loja &#8211; Cat\u00e1logo de Pe\u00e7as","item":"https:\/\/dualgree.com.br\/loja\/"},{"@type":"ListItem","position":3,"name":"Cabo Chicote Da Display Ar Condicionado Elgin 12 a 30 mil bt..."}]},{"@type":"WebSite","@id":"https:\/\/dualgree.com.br\/loja\/#website","url":"https:\/\/dualgree.com.br\/loja\/","name":"Loja - Dual Gree Servi\u00e7os | Partes e Pe\u00e7as","description":"Catalogo de Pe\u00e7as para ar condicionado","publisher":{"@id":"https:\/\/dualgree.com.br\/loja\/#organization"},"potentialAction":[{"@type":"SearchAction","target":{"@type":"EntryPoint","urlTemplate":"https:\/\/dualgree.com.br\/loja\/?s={search_term_string}"},"query-input":{"@type":"PropertyValueSpecification","valueRequired":true,"valueName":"search_term_string"}}],"inLanguage":"pt-BR"},{"@type":"Organization","@id":"https:\/\/dualgree.com.br\/loja\/#organization","name":"Loja Dual Gree Servi\u00e7o","url":"https:\/\/dualgree.com.br\/loja\/","logo":{"@type":"ImageObject","inLanguage":"pt-BR","@id":"https:\/\/dualgree.com.br\/loja\/#\/schema\/logo\/image\/","url":"https:\/\/dualgree.com.br\/loja\/wp-content\/uploads\/2024\/09\/teste-logo-ecommerce-dual-1-e1725909304971.png","contentUrl":"https:\/\/dualgree.com.br\/loja\/wp-content\/uploads\/2024\/09\/teste-logo-ecommerce-dual-1-e1725909304971.png","width":470,"height":157,"caption":"Loja Dual Gree Servi\u00e7o"},"image":{"@id":"https:\/\/dualgree.com.br\/loja\/#\/schema\/logo\/image\/"}}]}},"jetpack_publicize_connections":[],"jetpack_sharing_enabled":true,"jetpack_likes_enabled":true,"_links":{"self":[{"href":"https:\/\/dualgree.com.br\/loja\/wp-json\/wp\/v2\/product\/9772","targetHints":{"allow":["GET"]}}],"collection":[{"href":"https:\/\/dualgree.com.br\/loja\/wp-json\/wp\/v2\/product"}],"about":[{"href":"https:\/\/dualgree.com.br\/loja\/wp-json\/wp\/v2\/types\/product"}],"replies":[{"embeddable":true,"href":"https:\/\/dualgree.com.br\/loja\/wp-json\/wp\/v2\/comments?post=9772"}],"wp:featuredmedia":[{"embeddable":true,"href":"https:\/\/dualgree.com.br\/loja\/wp-json\/wp\/v2\/media\/9771"}],"wp:attachment":[{"href":"https:\/\/dualgree.com.br\/loja\/wp-json\/wp\/v2\/media?parent=9772"}],"wp:term":[{"taxonomy":"product_brand","embeddable":true,"href":"https:\/\/dualgree.com.br\/loja\/wp-json\/wp\/v2\/product_brand?post=9772"},{"taxonomy":"product_cat","embeddable":true,"href":"https:\/\/dualgree.com.br\/loja\/wp-json\/wp\/v2\/product_cat?post=9772"},{"taxonomy":"product_tag","embeddable":true,"href":"https:\/\/dualgree.com.br\/loja\/wp-json\/wp\/v2\/product_tag?post=9772"}],"curies":[{"name":"wp","href":"https:\/\/api.w.org\/{rel}","templated":true}]}}