{"id":9842,"date":"2025-06-04T20:36:31","date_gmt":"2025-06-04T20:36:31","guid":{"rendered":"https:\/\/dualgree.com.br\/loja\/produto\/filtro-tela-evaporadora-ar-condicionado-elgin-12000btus-hwqi12b2ia-2\/"},"modified":"2025-06-04T20:36:31","modified_gmt":"2025-06-04T20:36:31","slug":"filtro-tela-evaporadora-ar-condicionado-elgin-12000btus-hwqi12b2ia-2","status":"publish","type":"product","link":"https:\/\/dualgree.com.br\/loja\/produto\/filtro-tela-evaporadora-ar-condicionado-elgin-12000btus-hwqi12b2ia-2\/","title":{"rendered":"Filtro tela evaporadora Ar Condicionado Elgin 12000btus Hwqi..."},"content":{"rendered":"<p>Ic1349 Filtro de ar tela para ar condicionado Elgin 12000 btus.<\/p>\n<p>\u00a0<\/p>\n<p>1xunidade.<\/p>\n<p><span style=\"font-family: arial, tahoma, verdana, helvetica;font-size: 14.72px\">HWFI12B2IA.<\/span><br style=\"font-family: arial, tahoma, verdana, helvetica;font-size: 14.72px\" \/><span style=\"font-family: arial, tahoma, verdana, helvetica;font-size: 14.72px\">HWQI12B2IA.<\/span><br style=\"font-family: arial, tahoma, verdana, helvetica;font-size: 14.72px\" \/><br style=\"font-family: arial, tahoma, verdana, helvetica;font-size: 14.72px\" \/><span style=\"font-family: arial, tahoma, verdana, helvetica;font-size: 14.72px\">HSFI12C1IA.<\/span><br style=\"font-family: arial, tahoma, verdana, helvetica;font-size: 14.72px\" \/><span style=\"font-family: arial, tahoma, verdana, helvetica;font-size: 14.72px\">HSQI12C1IA.<\/span><br style=\"font-family: arial, tahoma, verdana, helvetica;font-size: 14.72px\" \/><br \/>Largura 28cm.<br \/>Altura 29 cm.<\/p>\n","protected":false},"excerpt":{"rendered":"<p>Ic1349 Filtro de ar tela para ar condicionado Elgin 12000 btus. \u00a0 1xunidade. HWFI12B2IA.HWQI12B2IA.HSFI12C1IA.HSQI12C1IA.Largura 28cm.Altura 29 cm.<\/p>\n","protected":false},"featured_media":9839,"comment_status":"open","ping_status":"closed","template":"","meta":{"_kadence_starter_templates_imported_post":false,"_kad_post_transparent":"","_kad_post_title":"","_kad_post_layout":"","_kad_post_sidebar_id":"","_kad_post_content_style":"","_kad_post_vertical_padding":"","_kad_post_feature":"","_kad_post_feature_position":"","_kad_post_header":false,"_kad_post_footer":false,"jetpack_publicize_message":"","jetpack_publicize_feature_enabled":true,"jetpack_social_post_already_shared":false,"jetpack_social_options":{"image_generator_settings":{"template":"highway","default_image_id":0,"font":"","enabled":false},"version":2}},"product_brand":[],"product_cat":[185,194],"product_tag":[],"class_list":{"0":"post-9842","1":"product","2":"type-product","3":"status-publish","4":"has-post-thumbnail","6":"product_cat-elgin","7":"product_cat-filtro-tela-split","9":"first","10":"instock","11":"shipping-taxable","12":"purchasable","13":"product-type-simple","14":"entry","15":"content-bg","16":"loop-entry"},"yoast_head":"<!-- This site is optimized with the Yoast SEO plugin v27.5 - https:\/\/yoast.com\/product\/yoast-seo-wordpress\/ -->\n<title>Filtro tela evaporadora Ar Condicionado Elgin 12000btus Hwqi12b2ia - Loja - Dual Gree Servi\u00e7os | Pe\u00e7as<\/title>\n<meta name=\"robots\" content=\"index, follow, max-snippet:-1, max-image-preview:large, max-video-preview:-1\" \/>\n<link rel=\"canonical\" href=\"https:\/\/dualgree.com.br\/loja\/produto\/filtro-tela-evaporadora-ar-condicionado-elgin-12000btus-hwqi12b2ia-2\/\" \/>\n<meta property=\"og:locale\" content=\"pt_BR\" \/>\n<meta property=\"og:type\" content=\"article\" \/>\n<meta property=\"og:title\" content=\"Filtro tela evaporadora Ar Condicionado Elgin 12000btus Hwqi12b2ia - Loja - Dual Gree Servi\u00e7os | Pe\u00e7as\" \/>\n<meta property=\"og:description\" content=\"Ic1349 Filtro de ar tela para ar condicionado Elgin 12000 btus. \u00a0 1xunidade. HWFI12B2IA.HWQI12B2IA.HSFI12C1IA.HSQI12C1IA.Largura 28cm.Altura 29 cm.\" \/>\n<meta property=\"og:url\" content=\"https:\/\/dualgree.com.br\/loja\/produto\/filtro-tela-evaporadora-ar-condicionado-elgin-12000btus-hwqi12b2ia-2\/\" \/>\n<meta property=\"og:site_name\" content=\"Loja - Dual Gree Servi\u00e7os | Pe\u00e7as\" \/>\n<meta name=\"twitter:card\" content=\"summary_large_image\" \/>\n<script type=\"application\/ld+json\" class=\"yoast-schema-graph\">{\"@context\":\"https:\\\/\\\/schema.org\",\"@graph\":[{\"@type\":\"WebPage\",\"@id\":\"https:\\\/\\\/dualgree.com.br\\\/loja\\\/produto\\\/filtro-tela-evaporadora-ar-condicionado-elgin-12000btus-hwqi12b2ia-2\\\/\",\"url\":\"https:\\\/\\\/dualgree.com.br\\\/loja\\\/produto\\\/filtro-tela-evaporadora-ar-condicionado-elgin-12000btus-hwqi12b2ia-2\\\/\",\"name\":\"Filtro tela evaporadora Ar Condicionado Elgin 12000btus Hwqi12b2ia - Loja - Dual Gree Servi\u00e7os | Pe\u00e7as\",\"isPartOf\":{\"@id\":\"https:\\\/\\\/dualgree.com.br\\\/loja\\\/#website\"},\"primaryImageOfPage\":{\"@id\":\"https:\\\/\\\/dualgree.com.br\\\/loja\\\/produto\\\/filtro-tela-evaporadora-ar-condicionado-elgin-12000btus-hwqi12b2ia-2\\\/#primaryimage\"},\"image\":{\"@id\":\"https:\\\/\\\/dualgree.com.br\\\/loja\\\/produto\\\/filtro-tela-evaporadora-ar-condicionado-elgin-12000btus-hwqi12b2ia-2\\\/#primaryimage\"},\"thumbnailUrl\":\"https:\\\/\\\/dualgree.com.br\\\/loja\\\/wp-content\\\/uploads\\\/2025\\\/06\\\/15307477618-dg1349-filtro-tela-de-ar-elgin-hwfi12b2ia-hwqi12b2ia-2-2.webp\",\"datePublished\":\"2025-06-04T20:36:31+00:00\",\"breadcrumb\":{\"@id\":\"https:\\\/\\\/dualgree.com.br\\\/loja\\\/produto\\\/filtro-tela-evaporadora-ar-condicionado-elgin-12000btus-hwqi12b2ia-2\\\/#breadcrumb\"},\"inLanguage\":\"pt-BR\",\"potentialAction\":[{\"@type\":\"ReadAction\",\"target\":[\"https:\\\/\\\/dualgree.com.br\\\/loja\\\/produto\\\/filtro-tela-evaporadora-ar-condicionado-elgin-12000btus-hwqi12b2ia-2\\\/\"]}]},{\"@type\":\"ImageObject\",\"inLanguage\":\"pt-BR\",\"@id\":\"https:\\\/\\\/dualgree.com.br\\\/loja\\\/produto\\\/filtro-tela-evaporadora-ar-condicionado-elgin-12000btus-hwqi12b2ia-2\\\/#primaryimage\",\"url\":\"https:\\\/\\\/dualgree.com.br\\\/loja\\\/wp-content\\\/uploads\\\/2025\\\/06\\\/15307477618-dg1349-filtro-tela-de-ar-elgin-hwfi12b2ia-hwqi12b2ia-2-2.webp\",\"contentUrl\":\"https:\\\/\\\/dualgree.com.br\\\/loja\\\/wp-content\\\/uploads\\\/2025\\\/06\\\/15307477618-dg1349-filtro-tela-de-ar-elgin-hwfi12b2ia-hwqi12b2ia-2-2.webp\",\"width\":1280,\"height\":1280},{\"@type\":\"BreadcrumbList\",\"@id\":\"https:\\\/\\\/dualgree.com.br\\\/loja\\\/produto\\\/filtro-tela-evaporadora-ar-condicionado-elgin-12000btus-hwqi12b2ia-2\\\/#breadcrumb\",\"itemListElement\":[{\"@type\":\"ListItem\",\"position\":1,\"name\":\"In\u00edcio\",\"item\":\"https:\\\/\\\/dualgree.com.br\\\/loja\\\/\"},{\"@type\":\"ListItem\",\"position\":2,\"name\":\"Loja &#8211; Cat\u00e1logo de Pe\u00e7as\",\"item\":\"https:\\\/\\\/dualgree.com.br\\\/loja\\\/\"},{\"@type\":\"ListItem\",\"position\":3,\"name\":\"Filtro tela evaporadora Ar Condicionado Elgin 12000btus Hwqi...\"}]},{\"@type\":\"WebSite\",\"@id\":\"https:\\\/\\\/dualgree.com.br\\\/loja\\\/#website\",\"url\":\"https:\\\/\\\/dualgree.com.br\\\/loja\\\/\",\"name\":\"Loja - Dual Gree Servi\u00e7os | Partes e Pe\u00e7as\",\"description\":\"Catalogo de Pe\u00e7as para ar condicionado\",\"publisher\":{\"@id\":\"https:\\\/\\\/dualgree.com.br\\\/loja\\\/#organization\"},\"potentialAction\":[{\"@type\":\"SearchAction\",\"target\":{\"@type\":\"EntryPoint\",\"urlTemplate\":\"https:\\\/\\\/dualgree.com.br\\\/loja\\\/?s={search_term_string}\"},\"query-input\":{\"@type\":\"PropertyValueSpecification\",\"valueRequired\":true,\"valueName\":\"search_term_string\"}}],\"inLanguage\":\"pt-BR\"},{\"@type\":\"Organization\",\"@id\":\"https:\\\/\\\/dualgree.com.br\\\/loja\\\/#organization\",\"name\":\"Loja Dual Gree Servi\u00e7o\",\"url\":\"https:\\\/\\\/dualgree.com.br\\\/loja\\\/\",\"logo\":{\"@type\":\"ImageObject\",\"inLanguage\":\"pt-BR\",\"@id\":\"https:\\\/\\\/dualgree.com.br\\\/loja\\\/#\\\/schema\\\/logo\\\/image\\\/\",\"url\":\"https:\\\/\\\/dualgree.com.br\\\/loja\\\/wp-content\\\/uploads\\\/2024\\\/09\\\/teste-logo-ecommerce-dual-1-e1725909304971.png\",\"contentUrl\":\"https:\\\/\\\/dualgree.com.br\\\/loja\\\/wp-content\\\/uploads\\\/2024\\\/09\\\/teste-logo-ecommerce-dual-1-e1725909304971.png\",\"width\":470,\"height\":157,\"caption\":\"Loja Dual Gree Servi\u00e7o\"},\"image\":{\"@id\":\"https:\\\/\\\/dualgree.com.br\\\/loja\\\/#\\\/schema\\\/logo\\\/image\\\/\"}}]}<\/script>\n<!-- \/ Yoast SEO plugin. -->","yoast_head_json":{"title":"Filtro tela evaporadora Ar Condicionado Elgin 12000btus Hwqi12b2ia - Loja - Dual Gree Servi\u00e7os | Pe\u00e7as","robots":{"index":"index","follow":"follow","max-snippet":"max-snippet:-1","max-image-preview":"max-image-preview:large","max-video-preview":"max-video-preview:-1"},"canonical":"https:\/\/dualgree.com.br\/loja\/produto\/filtro-tela-evaporadora-ar-condicionado-elgin-12000btus-hwqi12b2ia-2\/","og_locale":"pt_BR","og_type":"article","og_title":"Filtro tela evaporadora Ar Condicionado Elgin 12000btus Hwqi12b2ia - Loja - Dual Gree Servi\u00e7os | Pe\u00e7as","og_description":"Ic1349 Filtro de ar tela para ar condicionado Elgin 12000 btus. \u00a0 1xunidade. HWFI12B2IA.HWQI12B2IA.HSFI12C1IA.HSQI12C1IA.Largura 28cm.Altura 29 cm.","og_url":"https:\/\/dualgree.com.br\/loja\/produto\/filtro-tela-evaporadora-ar-condicionado-elgin-12000btus-hwqi12b2ia-2\/","og_site_name":"Loja - Dual Gree Servi\u00e7os | Pe\u00e7as","twitter_card":"summary_large_image","schema":{"@context":"https:\/\/schema.org","@graph":[{"@type":"WebPage","@id":"https:\/\/dualgree.com.br\/loja\/produto\/filtro-tela-evaporadora-ar-condicionado-elgin-12000btus-hwqi12b2ia-2\/","url":"https:\/\/dualgree.com.br\/loja\/produto\/filtro-tela-evaporadora-ar-condicionado-elgin-12000btus-hwqi12b2ia-2\/","name":"Filtro tela evaporadora Ar Condicionado Elgin 12000btus Hwqi12b2ia - Loja - Dual Gree Servi\u00e7os | Pe\u00e7as","isPartOf":{"@id":"https:\/\/dualgree.com.br\/loja\/#website"},"primaryImageOfPage":{"@id":"https:\/\/dualgree.com.br\/loja\/produto\/filtro-tela-evaporadora-ar-condicionado-elgin-12000btus-hwqi12b2ia-2\/#primaryimage"},"image":{"@id":"https:\/\/dualgree.com.br\/loja\/produto\/filtro-tela-evaporadora-ar-condicionado-elgin-12000btus-hwqi12b2ia-2\/#primaryimage"},"thumbnailUrl":"https:\/\/dualgree.com.br\/loja\/wp-content\/uploads\/2025\/06\/15307477618-dg1349-filtro-tela-de-ar-elgin-hwfi12b2ia-hwqi12b2ia-2-2.webp","datePublished":"2025-06-04T20:36:31+00:00","breadcrumb":{"@id":"https:\/\/dualgree.com.br\/loja\/produto\/filtro-tela-evaporadora-ar-condicionado-elgin-12000btus-hwqi12b2ia-2\/#breadcrumb"},"inLanguage":"pt-BR","potentialAction":[{"@type":"ReadAction","target":["https:\/\/dualgree.com.br\/loja\/produto\/filtro-tela-evaporadora-ar-condicionado-elgin-12000btus-hwqi12b2ia-2\/"]}]},{"@type":"ImageObject","inLanguage":"pt-BR","@id":"https:\/\/dualgree.com.br\/loja\/produto\/filtro-tela-evaporadora-ar-condicionado-elgin-12000btus-hwqi12b2ia-2\/#primaryimage","url":"https:\/\/dualgree.com.br\/loja\/wp-content\/uploads\/2025\/06\/15307477618-dg1349-filtro-tela-de-ar-elgin-hwfi12b2ia-hwqi12b2ia-2-2.webp","contentUrl":"https:\/\/dualgree.com.br\/loja\/wp-content\/uploads\/2025\/06\/15307477618-dg1349-filtro-tela-de-ar-elgin-hwfi12b2ia-hwqi12b2ia-2-2.webp","width":1280,"height":1280},{"@type":"BreadcrumbList","@id":"https:\/\/dualgree.com.br\/loja\/produto\/filtro-tela-evaporadora-ar-condicionado-elgin-12000btus-hwqi12b2ia-2\/#breadcrumb","itemListElement":[{"@type":"ListItem","position":1,"name":"In\u00edcio","item":"https:\/\/dualgree.com.br\/loja\/"},{"@type":"ListItem","position":2,"name":"Loja &#8211; Cat\u00e1logo de Pe\u00e7as","item":"https:\/\/dualgree.com.br\/loja\/"},{"@type":"ListItem","position":3,"name":"Filtro tela evaporadora Ar Condicionado Elgin 12000btus Hwqi..."}]},{"@type":"WebSite","@id":"https:\/\/dualgree.com.br\/loja\/#website","url":"https:\/\/dualgree.com.br\/loja\/","name":"Loja - Dual Gree Servi\u00e7os | Partes e Pe\u00e7as","description":"Catalogo de Pe\u00e7as para ar condicionado","publisher":{"@id":"https:\/\/dualgree.com.br\/loja\/#organization"},"potentialAction":[{"@type":"SearchAction","target":{"@type":"EntryPoint","urlTemplate":"https:\/\/dualgree.com.br\/loja\/?s={search_term_string}"},"query-input":{"@type":"PropertyValueSpecification","valueRequired":true,"valueName":"search_term_string"}}],"inLanguage":"pt-BR"},{"@type":"Organization","@id":"https:\/\/dualgree.com.br\/loja\/#organization","name":"Loja Dual Gree Servi\u00e7o","url":"https:\/\/dualgree.com.br\/loja\/","logo":{"@type":"ImageObject","inLanguage":"pt-BR","@id":"https:\/\/dualgree.com.br\/loja\/#\/schema\/logo\/image\/","url":"https:\/\/dualgree.com.br\/loja\/wp-content\/uploads\/2024\/09\/teste-logo-ecommerce-dual-1-e1725909304971.png","contentUrl":"https:\/\/dualgree.com.br\/loja\/wp-content\/uploads\/2024\/09\/teste-logo-ecommerce-dual-1-e1725909304971.png","width":470,"height":157,"caption":"Loja Dual Gree Servi\u00e7o"},"image":{"@id":"https:\/\/dualgree.com.br\/loja\/#\/schema\/logo\/image\/"}}]}},"jetpack_publicize_connections":[],"jetpack_sharing_enabled":true,"jetpack_likes_enabled":true,"_links":{"self":[{"href":"https:\/\/dualgree.com.br\/loja\/wp-json\/wp\/v2\/product\/9842","targetHints":{"allow":["GET"]}}],"collection":[{"href":"https:\/\/dualgree.com.br\/loja\/wp-json\/wp\/v2\/product"}],"about":[{"href":"https:\/\/dualgree.com.br\/loja\/wp-json\/wp\/v2\/types\/product"}],"replies":[{"embeddable":true,"href":"https:\/\/dualgree.com.br\/loja\/wp-json\/wp\/v2\/comments?post=9842"}],"wp:featuredmedia":[{"embeddable":true,"href":"https:\/\/dualgree.com.br\/loja\/wp-json\/wp\/v2\/media\/9839"}],"wp:attachment":[{"href":"https:\/\/dualgree.com.br\/loja\/wp-json\/wp\/v2\/media?parent=9842"}],"wp:term":[{"taxonomy":"product_brand","embeddable":true,"href":"https:\/\/dualgree.com.br\/loja\/wp-json\/wp\/v2\/product_brand?post=9842"},{"taxonomy":"product_cat","embeddable":true,"href":"https:\/\/dualgree.com.br\/loja\/wp-json\/wp\/v2\/product_cat?post=9842"},{"taxonomy":"product_tag","embeddable":true,"href":"https:\/\/dualgree.com.br\/loja\/wp-json\/wp\/v2\/product_tag?post=9842"}],"curies":[{"name":"wp","href":"https:\/\/api.w.org\/{rel}","templated":true}]}}